{"id":625,"date":"2023-07-18T18:05:25","date_gmt":"2023-07-18T11:05:25","guid":{"rendered":"https:\/\/lucky-89.com\/vn\/?page_id=625"},"modified":"2023-07-21T11:25:40","modified_gmt":"2023-07-21T04:25:40","slug":"baccarat-jackpot","status":"publish","type":"page","link":"https:\/\/lucky-89.com\/vn\/baccarat-jackpot\/","title":{"rendered":"Baccarat Jackpot"},"content":{"rendered":"<div class=\"vce-row-container\" data-vce-boxed-width=\"true\"><div class=\"vce-row vce-row--col-gap-30 headlines vce-row-equal-height vce-row-content--top\" id=\"el-ac8aa3c1\" data-vce-do-apply=\"all el-ac8aa3c1\"><div class=\"vce-row-content\" data-vce-element-content=\"true\"><div class=\"vce-col vce-col--md-auto vce-col--xs-1 vce-col--xs-last vce-col--xs-first vce-col--sm-last vce-col--sm-first vce-col--md-last vce-col--lg-last vce-col--xl-last vce-col--md-first vce-col--lg-first vce-col--xl-first\" id=\"el-2668494c\"><div class=\"vce-col-inner\" data-vce-do-apply=\"border margin background  el-2668494c\"><div class=\"vce-col-content\" data-vce-element-content=\"true\" data-vce-do-apply=\"padding el-2668494c\"><div class=\"vce-text-block\"><div class=\"vce-text-block-wrapper vce\" id=\"el-69eb4e46\" data-vce-do-apply=\"all el-69eb4e46\"><h1 style=\"text-align: center;\"><strong>Baccarat Jackpot<\/strong><\/h1><\/div><\/div><div class=\"vce-single-image-container vce-single-image--align-center\"><div class=\"vce vce-single-image-wrapper\" id=\"el-41eff4c2\" data-vce-do-apply=\"all el-41eff4c2\"><figure><div class=\"vce-single-image-figure-inner\" style=\"width: 55px;\"><div class=\"vce-single-image-inner vce-single-image--absolute\" style=\"width: 100%; padding-bottom: 29.0909%;\"><img decoding=\"async\" loading=\"lazy\" class=\"vce-single-image\"  width=\"55\" height=\"16\" srcset=\"https:\/\/lucky-89.com\/vn\/wp-content\/uploads\/sites\/3\/2023\/07\/separator-55x16.png 55w\" src=\"https:\/\/lucky-89.com\/vn\/wp-content\/uploads\/sites\/3\/2023\/07\/separator-55x16.png\" data-img-src=\"http:\/\/www.lucky-89.com\/wp-content\/uploads\/2020\/12\/separator.png\" data-attachment-id=\"98\"  alt=\"\" title=\"separator\" \/><\/div><\/div><figcaption hidden=\"\"><\/figcaption><\/figure><\/div><\/div><\/div><\/div><\/div><\/div><\/div><\/div><div class=\"vce-row-container\" data-vce-boxed-width=\"true\"><div class=\"vce-row vce-row--col-gap-30 vce-row-equal-height vce-row-content--top\" id=\"el-e54335f9\" data-vce-do-apply=\"all el-e54335f9\"><div class=\"vce-content-background-container\"><\/div><div class=\"vce-row-content\" data-vce-element-content=\"true\"><div class=\"vce-col vce-col--md-auto vce-col--xs-1 vce-col--xs-last vce-col--xs-first vce-col--sm-last vce-col--sm-first vce-col--md-last vce-col--lg-last vce-col--xl-last vce-col--md-first vce-col--lg-first vce-col--xl-first\" id=\"el-907f7ba3\"><div class=\"vce-col-inner\" data-vce-do-apply=\"border margin background  el-907f7ba3\"><div class=\"vce-col-content\" data-vce-element-content=\"true\" data-vce-do-apply=\"padding el-907f7ba3\"><div class=\"vce-text-block\"><div class=\"vce-text-block-wrapper vce\" id=\"el-6f79db40\" data-vce-do-apply=\"all el-6f79db40\"><p class=\"black_default_text\">Tham gia v\u00e0o c\u1ea3m gi\u00e1c h\u1ed3i h\u1ed9p t\u1ea1i c\u00e1c b\u00e0n ch\u01a1i baccarat c\u1ee7a ch\u00fang t\u00f4i v\u1edbi gi\u1ea3i Jackpot baccarat tr\u1ef1c tuy\u1ebfn.<br>Baccarat Jackpot l\u0169y ti\u1ebfn &amp; Tr\u1ea3 th\u1eafng nh\u01b0 sau:<\/p><\/div><\/div><\/div><\/div><\/div><\/div><\/div><\/div><div class=\"vce-row-container\" data-vce-boxed-width=\"true\"><div class=\"vce-row vce-row--col-gap-30 vce-row-wrap--reverse vce-row-equal-height vce-row-content--top\" id=\"el-f5dcb180\" data-vce-do-apply=\"all el-f5dcb180\"><div class=\"vce-content-background-container\"><\/div><div class=\"vce-row-content\" data-vce-element-content=\"true\"><div class=\"vce-col vce-col--md-71-67p vce-col--xs-1 vce-col--xs-last vce-col--xs-first vce-col--sm-last vce-col--sm-first vce-col--md-first vce-col--lg-first vce-col--xl-first\" id=\"el-afe4d23b\"><div class=\"vce-col-inner\" data-vce-do-apply=\"border margin background  el-afe4d23b\"><div class=\"vce-col-content\" data-vce-element-content=\"true\" data-vce-do-apply=\"padding el-afe4d23b\"><div class=\"vce-row-container\" data-vce-boxed-width=\"true\"><div class=\"vce-row vce-element--has-background vce-row--col-gap-5 vce-row-equal-height vce-row-content--middle\" id=\"el-12e6a632\" data-vce-do-apply=\"all el-12e6a632\"><div class=\"vce-content-background-container\"><\/div><div class=\"vce-row-content\" data-vce-element-content=\"true\"><div class=\"vce-col vce-col--md-auto vce-col--xs-1 vce-col--xs-last vce-col--xs-first vce-col--sm-last vce-col--sm-first vce-col--md-first vce-col--lg-first vce-col--xl-first\" id=\"el-3e514dd8\"><div class=\"vce-col-inner\" data-vce-do-apply=\"border margin background  el-3e514dd8\"><div class=\"vce-col-content\" data-vce-element-content=\"true\" data-vce-do-apply=\"padding el-3e514dd8\"><div class=\"vce-text-block\"><div class=\"vce-text-block-wrapper vce\" id=\"el-296f3780\" data-vce-do-apply=\"all el-296f3780\"><strong>Bi\u1ebfn c\u1ed1<\/strong><\/div><\/div><\/div><\/div><\/div><div class=\"vce-col vce-col--md-auto vce-col--xs-1 vce-col--xs-last vce-col--xs-first vce-col--sm-last vce-col--sm-first vce-col--md-last vce-col--lg-last vce-col--xl-last\" id=\"el-d7d7282c\"><div class=\"vce-col-inner\" data-vce-do-apply=\"border margin background  el-d7d7282c\"><div class=\"vce-col-content\" data-vce-element-content=\"true\" data-vce-do-apply=\"padding el-d7d7282c\"><div class=\"vce-text-block\"><div class=\"vce-text-block-wrapper vce\" id=\"el-15c7b224\" data-vce-do-apply=\"all el-15c7b224\"><strong>Jackpote l\u0169y ti\u1ebfn t\u1ed1i thi\u1ec3u<\/strong><\/div><\/div><\/div><\/div><\/div><\/div><\/div><\/div><div class=\"vce-row-container\" data-vce-boxed-width=\"true\"><div class=\"vce-row vce-element--has-background vce-row--col-gap-5 vce-row-equal-height vce-row-content--middle\" id=\"el-97eadf19\" data-vce-do-apply=\"all el-97eadf19\"><div class=\"vce-content-background-container\"><\/div><div class=\"vce-row-content\" data-vce-element-content=\"true\"><div class=\"vce-col vce-col--md-auto vce-col--xs-1 vce-col--xs-last vce-col--xs-first vce-col--sm-last vce-col--sm-first vce-col--md-first vce-col--lg-first vce-col--xl-first\" id=\"el-37d32fc6\"><div class=\"vce-col-inner\" data-vce-do-apply=\"border margin background  el-37d32fc6\"><div class=\"vce-col-content\" data-vce-element-content=\"true\" data-vce-do-apply=\"padding el-37d32fc6\"><div class=\"vce-text-block\"><div class=\"vce-text-block-wrapper vce\" id=\"el-f0ed74ba\" data-vce-do-apply=\"all el-f0ed74ba\"><p><strong>(Grand) K+9<\/strong><br><strong>Both Card Spade K+9<\/strong><br><strong>+ Other Side Any Natural 9<\/strong><\/p><\/div><\/div><\/div><\/div><\/div><div class=\"vce-col vce-col--md-auto vce-col--xs-1 vce-col--xs-last vce-col--xs-first vce-col--sm-last vce-col--sm-first vce-col--md-last vce-col--lg-last vce-col--xl-last\" id=\"el-7eee3dd8\"><div class=\"vce-col-inner\" data-vce-do-apply=\"border margin background  el-7eee3dd8\"><div class=\"vce-col-content\" data-vce-element-content=\"true\" data-vce-do-apply=\"padding el-7eee3dd8\"><div class=\"vce-text-block\"><div class=\"vce-text-block-wrapper vce\" id=\"el-fc54baa2\" data-vce-do-apply=\"all el-fc54baa2\"><p><span style=\"font-size: 12pt;\">VND 50,000,000 (Progressive)<\/span><\/p><\/div><\/div><\/div><\/div><\/div><\/div><\/div><\/div><div class=\"vce-row-container\" data-vce-boxed-width=\"true\"><div class=\"vce-row vce-element--has-background vce-row--col-gap-5 vce-row-equal-height vce-row-content--middle\" id=\"el-387801cc\" data-vce-do-apply=\"all el-387801cc\"><div class=\"vce-content-background-container\"><\/div><div class=\"vce-row-content\" data-vce-element-content=\"true\"><div class=\"vce-col vce-col--md-auto vce-col--xs-1 vce-col--xs-last vce-col--xs-first vce-col--sm-last vce-col--sm-first vce-col--md-first vce-col--lg-first vce-col--xl-first\" id=\"el-8f797ce5\"><div class=\"vce-col-inner\" data-vce-do-apply=\"border margin background  el-8f797ce5\"><div class=\"vce-col-content\" data-vce-element-content=\"true\" data-vce-do-apply=\"padding el-8f797ce5\"><div class=\"vce-text-block\"><div class=\"vce-text-block-wrapper vce\" id=\"el-bb71dbf8\" data-vce-do-apply=\"all el-bb71dbf8\"><p><strong>(Major) K+9<\/strong><br><strong>Same Color or Same Suit (K+9) (Natural 9)<\/strong><br><strong>+ Other Side any 2 cards<\/strong><\/p><\/div><\/div><\/div><\/div><\/div><div class=\"vce-col vce-col--md-auto vce-col--xs-1 vce-col--xs-last vce-col--xs-first vce-col--sm-last vce-col--sm-first vce-col--md-last vce-col--lg-last vce-col--xl-last\" id=\"el-22381f62\"><div class=\"vce-col-inner\" data-vce-do-apply=\"border margin background  el-22381f62\"><div class=\"vce-col-content\" data-vce-element-content=\"true\" data-vce-do-apply=\"padding el-22381f62\"><div class=\"vce-text-block\"><div class=\"vce-text-block-wrapper vce\" id=\"el-0ff72c58\" data-vce-do-apply=\"all el-0ff72c58\"><p><span style=\"font-size: 12pt;\">VND 500,000 (Non- Progressive)<\/span><\/p><\/div><\/div><\/div><\/div><\/div><\/div><\/div><\/div><div class=\"vce-row-container\" data-vce-boxed-width=\"true\"><div class=\"vce-row vce-element--has-background vce-row--col-gap-5 vce-row-equal-height vce-row-content--middle\" id=\"el-7677b9e8\" data-vce-do-apply=\"all el-7677b9e8\"><div class=\"vce-content-background-container\"><\/div><div class=\"vce-row-content\" data-vce-element-content=\"true\"><div class=\"vce-col vce-col--md-auto vce-col--xs-1 vce-col--xs-last vce-col--xs-first vce-col--sm-last vce-col--sm-first vce-col--md-first vce-col--lg-first vce-col--xl-first\" id=\"el-45456da8\"><div class=\"vce-col-inner\" data-vce-do-apply=\"border margin background  el-45456da8\"><div class=\"vce-col-content\" data-vce-element-content=\"true\" data-vce-do-apply=\"padding el-45456da8\"><div class=\"vce-text-block\"><div class=\"vce-text-block-wrapper vce\" id=\"el-df892752\" data-vce-do-apply=\"all el-df892752\"><p><strong>(Mini) K+9<\/strong><br><strong>Mix Color (K+9) (Natural 9)<\/strong><br><strong>+ Other Side any 2 cards<\/strong><\/p><\/div><\/div><\/div><\/div><\/div><div class=\"vce-col vce-col--md-auto vce-col--xs-1 vce-col--xs-last vce-col--xs-first vce-col--sm-last vce-col--sm-first vce-col--md-last vce-col--lg-last vce-col--xl-last\" id=\"el-0e7b6cc5\"><div class=\"vce-col-inner\" data-vce-do-apply=\"border margin background  el-0e7b6cc5\"><div class=\"vce-col-content\" data-vce-element-content=\"true\" data-vce-do-apply=\"padding el-0e7b6cc5\"><div class=\"vce-text-block\"><div class=\"vce-text-block-wrapper vce\" id=\"el-dde91092\" data-vce-do-apply=\"all el-dde91092\"><p><span style=\"font-size: 12pt;\">VND 300,000 (Non- Progressive)<\/span><\/p><\/div><\/div><\/div><\/div><\/div><\/div><\/div><\/div><\/div><\/div><\/div><div class=\"vce-col vce-col--md-28-33p vce-col--xs-1 vce-col--xs-last vce-col--xs-first vce-col--sm-last vce-col--sm-first vce-col--md-last vce-col--lg-last vce-col--xl-last\" id=\"el-02b7350c\"><div class=\"vce-col-inner\" data-vce-do-apply=\"border margin background  el-02b7350c\"><div class=\"vce-content-background-container\"><\/div><div class=\"vce-col-content\" data-vce-element-content=\"true\" data-vce-do-apply=\"padding el-02b7350c\"><div class=\"vce-single-image-container img_div_border_right_style vce-single-image--align-center\"><div class=\"vce vce-single-image-wrapper\" id=\"el-566dd9ca\" data-vce-do-apply=\"all el-566dd9ca\"><figure><div class=\"vce-single-image-figure-inner\" style=\"width: 360px;\"><div class=\"vce-single-image-inner vce-single-image--absolute vce-single-image--border-rounded\" style=\"width: 100%; padding-bottom: 100%;\"><img decoding=\"async\" loading=\"lazy\" class=\"vce-single-image\"  width=\"360\" height=\"360\" srcset=\"https:\/\/lucky-89.com\/vn\/wp-content\/uploads\/sites\/3\/2023\/07\/Baccarat-Jackpot-360x360px_EN-320x320.webp 320w, https:\/\/lucky-89.com\/vn\/wp-content\/uploads\/sites\/3\/2023\/07\/Baccarat-Jackpot-360x360px_EN-360x360.webp 360w\" src=\"https:\/\/lucky-89.com\/vn\/wp-content\/uploads\/sites\/3\/2023\/07\/Baccarat-Jackpot-360x360px_EN-360x360.webp\" data-img-src=\"https:\/\/lucky-89.com\/vn\/wp-content\/uploads\/sites\/3\/2023\/07\/Baccarat-Jackpot-360x360px_EN.webp\" data-attachment-id=\"634\"  alt=\"\" title=\"Baccarat-Jackpot-360x360px_EN\" \/><\/div><\/div><figcaption hidden=\"\"><\/figcaption><\/figure><\/div><\/div><\/div><\/div><\/div><\/div><\/div><\/div><div class=\"vce-row-container\" data-vce-boxed-width=\"true\"><div class=\"vce-row vce-row--col-gap-30 vce-row-equal-height vce-row-content--top\" id=\"el-f9ed641a\" data-vce-do-apply=\"all el-f9ed641a\"><div class=\"vce-content-background-container\"><\/div><div class=\"vce-row-content\" data-vce-element-content=\"true\"><div class=\"vce-col vce-col--md-auto vce-col--xs-1 vce-col--xs-last vce-col--xs-first vce-col--sm-last vce-col--sm-first vce-col--md-last vce-col--lg-last vce-col--xl-last vce-col--md-first vce-col--lg-first vce-col--xl-first\" id=\"el-e2fef8e0\"><div class=\"vce-col-inner\" data-vce-do-apply=\"border margin background  el-e2fef8e0\"><div class=\"vce-col-content\" data-vce-element-content=\"true\" data-vce-do-apply=\"padding el-e2fef8e0\"><div class=\"vce-text-block\"><div class=\"vce-text-block-wrapper vce\" id=\"el-8c35fbe0\" data-vce-do-apply=\"all el-8c35fbe0\">Gi\u1ea3i l\u0169y ti\u1ebfn Grand K + 9 (C\u1ea3 hai l\u00e1 b\u00e0i b\u00edch) + B\u00ean kh\u00e1c c\u00f3 9 \u0111i\u1ec3m t\u1ef1 nhi\u00ean b\u1ea5t k\u1ef3. Gi\u1ea3i Major Jackpot v\u1eabn gi\u1eef nguy\u00ean m\u1ee9c thanh to\u00e1n 500.000 \u0111\u1ed3ng cho m\u1ed7i l\u1ea7n c\u01b0\u1ee3c v\u00e0 gi\u1ea3i Mini Jackpot v\u1eabn gi\u1eef nguy\u00ean m\u1ee9c thanh to\u00e1n 300.000 \u0111\u1ed3ng cho m\u1ed7i l\u1ea7n c\u01b0\u1ee3c.<br>T\u1ea5t c\u1ea3 c\u00e1c kho\u1ea3n tr\u1ea3 th\u1eafng c\u1ee7a Gi\u1ea3i \u0111\u1eb7c bi\u1ec7t \u0111\u1ec1u d\u1ef1a tr\u00ean k\u1ebft qu\u1ea3 c\u1ee7a 2 th\u1ebb b\u00e0i \u0111\u1ea7u ti\u00ean (K + 9) c\u1ee7a C\u01b0\u1ee3c Ban \u0111\u1ea7u CH\u1ec8 \u1edf ph\u00eda Ng\u01b0\u1eddi ch\u01a1i ho\u1eb7c Nh\u00e0 c\u00e1i.<\/div><\/div><\/div><\/div><\/div><\/div><\/div><\/div>\n","protected":false},"excerpt":{"rendered":"<p>Baccarat JackpotTham gia v\u00e0o c\u1ea3m gi\u00e1c h\u1ed3i h\u1ed9p t\u1ea1i c\u00e1c b\u00e0n ch\u01a1i baccarat c\u1ee7a ch\u00fang t\u00f4i v\u1edbi gi\u1ea3i Jackpot baccarat tr\u1ef1c tuy\u1ebfn.Baccarat Jackpot l\u0169y ti\u1ebfn &amp; Tr\u1ea3 th\u1eafng nh\u01b0 sau:Bi\u1ebfn c\u1ed1Jackpote l\u0169y ti\u1ebfn t\u1ed1i thi\u1ec3u(Grand) K+9Both Card Spade K+9+ Other Side Any Natural 9VND 50,000,000 (Progressive)(Major) K+9Same Color or Same Suit (K+9) (Natural 9)+ Other [&hellip;]<\/p>\n","protected":false},"author":7,"featured_media":0,"parent":0,"menu_order":0,"comment_status":"closed","ping_status":"closed","template":"","meta":{"ngg_post_thumbnail":0,"footnotes":"","_links_to":"","_links_to_target":""},"_links":{"self":[{"href":"https:\/\/lucky-89.com\/vn\/wp-json\/wp\/v2\/pages\/625"}],"collection":[{"href":"https:\/\/lucky-89.com\/vn\/wp-json\/wp\/v2\/pages"}],"about":[{"href":"https:\/\/lucky-89.com\/vn\/wp-json\/wp\/v2\/types\/page"}],"author":[{"embeddable":true,"href":"https:\/\/lucky-89.com\/vn\/wp-json\/wp\/v2\/users\/7"}],"replies":[{"embeddable":true,"href":"https:\/\/lucky-89.com\/vn\/wp-json\/wp\/v2\/comments?post=625"}],"version-history":[{"count":5,"href":"https:\/\/lucky-89.com\/vn\/wp-json\/wp\/v2\/pages\/625\/revisions"}],"predecessor-version":[{"id":635,"href":"https:\/\/lucky-89.com\/vn\/wp-json\/wp\/v2\/pages\/625\/revisions\/635"}],"wp:attachment":[{"href":"https:\/\/lucky-89.com\/vn\/wp-json\/wp\/v2\/media?parent=625"}],"curies":[{"name":"wp","href":"https:\/\/api.w.org\/{rel}","templated":true}]}}