{"id":138,"date":"2020-12-24T07:33:22","date_gmt":"2020-12-24T07:33:22","guid":{"rendered":"https:\/\/lucky-89.com\/vn\/our-values\/"},"modified":"2024-08-07T00:04:05","modified_gmt":"2024-08-06T17:04:05","slug":"our-values","status":"publish","type":"page","link":"https:\/\/lucky-89.com\/vn\/our-values\/","title":{"rendered":""},"content":{"rendered":"<div class=\"vce-row-container\" data-vce-boxed-width=\"true\"><div class=\"vce-row vce-row--col-gap-30 headlines vce-row-equal-height vce-row-content--top\" id=\"el-644ff59b\" data-vce-do-apply=\"all el-644ff59b\"><div class=\"vce-row-content\" data-vce-element-content=\"true\"><div class=\"vce-col vce-col--md-auto vce-col--xs-1 vce-col--xs-last vce-col--xs-first vce-col--sm-last vce-col--sm-first vce-col--md-last vce-col--lg-last vce-col--xl-last vce-col--md-first vce-col--lg-first vce-col--xl-first\" id=\"el-cfb9830f\"><div class=\"vce-col-inner\" data-vce-do-apply=\"border margin background  el-cfb9830f\"><div class=\"vce-col-content\" data-vce-element-content=\"true\" data-vce-do-apply=\"padding el-cfb9830f\"><div class=\"vce-text-block\"><div class=\"vce-text-block-wrapper vce\" id=\"el-03725672\" data-vce-do-apply=\"all el-03725672\"><h1 style=\"text-align: center;\"><strong>Gi\u00e1 tr\u1ecb c\u1ee7a ch\u00fang t\u00f4i<\/strong><\/h1><\/div><\/div><div class=\"vce-single-image-container vce-single-image--align-center\"><div class=\"vce vce-single-image-wrapper\" id=\"el-0d261af3\" data-vce-do-apply=\"all el-0d261af3\"><figure><div class=\"vce-single-image-figure-inner\" style=\"width: 55px;\"><div class=\"vce-single-image-inner vce-single-image--absolute\" style=\"width: 100%; padding-bottom: 29.0909%;\"><img decoding=\"async\" loading=\"lazy\" class=\"vce-single-image\"  width=\"55\" height=\"16\" srcset=\"https:\/\/lucky-89.com\/vn\/wp-content\/uploads\/sites\/3\/2024\/08\/separator-55x16.png 55w\" src=\"https:\/\/lucky-89.com\/vn\/wp-content\/uploads\/sites\/3\/2024\/08\/separator-55x16.png\" data-img-src=\"http:\/\/www.lucky-89.com\/wp-content\/uploads\/2020\/12\/separator.png\" data-attachment-id=\"98\"  alt=\"\" title=\"separator\" \/><\/div><\/div><figcaption hidden=\"\"><\/figcaption><\/figure><\/div><\/div><\/div><\/div><\/div><\/div><\/div><\/div><div class=\"vce-row-container\" data-vce-boxed-width=\"true\"><div class=\"vce-row vce-row--col-gap-30 vce-row-equal-height vce-row-content--top\" id=\"el-5984e67e\" data-vce-do-apply=\"all el-5984e67e\"><div class=\"vce-content-background-container\"><\/div><div class=\"vce-row-content\" data-vce-element-content=\"true\"><div class=\"vce-col vce-col--md-auto vce-col--xs-1 vce-col--xs-last vce-col--xs-first vce-col--sm-last vce-col--sm-first vce-col--md-first vce-col--lg-first vce-col--xl-first\" id=\"el-68a7d5f2\"><div class=\"vce-col-inner\" data-vce-do-apply=\"border margin background  el-68a7d5f2\"><div class=\"vce-col-content\" data-vce-element-content=\"true\" data-vce-do-apply=\"padding el-68a7d5f2\"><div class=\"vce-single-image-container img_div_border_left_style vce-single-image--align-left\"><div class=\"vce vce-single-image-wrapper\" id=\"el-0f91a1cb\" data-vce-do-apply=\"all el-0f91a1cb\"><figure><div class=\"vce-single-image-figure-inner\" style=\"width: 555px;\"><div class=\"vce-single-image-inner vce-single-image--absolute\" style=\"width: 100%; padding-bottom: 80.9009%;\"><img decoding=\"async\" class=\"vce-single-image\" src=\"https:\/\/lucky-89.com\/vn\/wp-content\/uploads\/sites\/3\/2024\/08\/LuckyVision_All_Languages-vn.jpg\" data-img-src=\"https:\/\/lucky-89.com\/vn\/wp-content\/uploads\/sites\/3\/2024\/08\/LuckyVision_All_Languages-vn.jpg\" data-attachment-id=\"724\" alt=\"Lucky89 Vision Mission And Values Vietnamese\" title=\"Lucky89 Vision Mission And Values Vietnamese\"><\/div><\/div><figcaption hidden=\"\"><\/figcaption><\/figure><\/div><\/div><\/div><\/div><\/div><div class=\"vce-col vce-col--md-auto vce-col--xs-1 vce-col--xs-last vce-col--xs-first vce-col--sm-last vce-col--sm-first vce-col--md-last vce-col--lg-last vce-col--xl-last\" id=\"el-5d8b380a\"><div class=\"vce-col-inner\" data-vce-do-apply=\"border margin background  el-5d8b380a\"><div class=\"vce-content-background-container\"><\/div><div class=\"vce-col-content\" data-vce-element-content=\"true\" data-vce-do-apply=\"padding el-5d8b380a\"><div class=\"vce-text-block\"><div class=\"vce-text-block-wrapper vce\" id=\"el-afe329c2\" data-vce-do-apply=\"all el-afe329c2\"><ul class=\"content\" type=\"disc\"><li><span style=\"font-family: inherit;\">T\u1ef1 c\u1ea3i thi\u1ec7n<\/span><\/li><li><span style=\"font-family: inherit;\">T\u00f4n tr\u1ecdng l\u1eabn nhau<\/span><\/li><li>L\u00e0m vi\u1ec7c theo nh\u00f3m<\/li><li><span style=\"font-family: inherit;\">\u0110\u00e1ng tin c\u1eady<\/span><\/li><li><span style=\"font-family: inherit;\">Tr\u00e1ch nhi\u1ec7m<\/span><\/li><li><span style=\"font-family: inherit;\">Ch\u1ea5t l\u01b0\u1ee3ng &amp; Hi\u1ec7u qu\u1ea3<\/span><\/li><li><div><div>Bi\u1ebft \u01a0n &amp; Chia S\u1ebb<\/div><\/div><\/li><\/ul><p><span style=\"font-family: inherit;\">T\u1ea1i Lucky89 casino bi\u00ean gi\u1edbi, ch\u00fang t\u00f4i nh\u1ea5n m\u1ea1nh nh\u1eefng \u0111i\u1ec1u n\u00e0y trong t\u1ea5t c\u1ea3 c\u00e1c ho\u1ea1t \u0111\u1ed9ng kinh doanh v\u00e0 ho\u1ea1t \u0111\u1ed9ng h\u00e0ng ng\u00e0y c\u1ee7a ch\u00fang t\u00f4i. T\u1ea7m nh\u00ecn &amp; Gi\u00e1 tr\u1ecb c\u1ee7a ch\u00fang t\u00f4i t\u1ea1o th\u00e0nh v\u0103n h\u00f3a tr\u1ee5 c\u1ed9t cho s\u1ef1 ph\u00e1t tri\u1ec3n c\u1ee7a t\u1ed5 ch\u1ee9c c\u0169ng nh\u01b0 nh\u00e2n vi\u00ean c\u1ee7a ch\u00fang t\u00f4i.<\/span><\/p><p><span style=\"font-family: inherit;\">L\u00e0m h\u00e0i l\u00f2ng kh\u00e1ch h\u00e0ng trong m\u1ecdi ho\u00e0n c\u1ea3nh l\u00e0 gi\u00e1 tr\u1ecb c\u1ed1t l\u00f5i gi\u00fap ch\u00fang t\u00f4i tr\u1edf th\u00e0nh kh\u00e1ch s\u1ea1n v\u00e0 s\u00f2ng b\u1ea1c \u0111\u00e1ng tin c\u1eady nh\u1ea5t k\u1ec3 t\u1eeb khi khai tr\u01b0\u01a1ng. Ch\u00fang t\u00f4i kh\u00f4ng ch\u1ec9 mong mu\u1ed1n mang \u0111\u1ebfn cho b\u1ea1n m\u1ed9t k\u1ef3 ngh\u1ec9 tuy\u1ec7t v\u1eddi v\u00e0 kh\u00f3 qu\u00ean, m\u00e0 c\u00f2n t\u1ef1 h\u00e0o v\u1ec1 s\u1ef1 trung th\u1ef1c c\u1ee7a m\u00ecnh.<\/span><\/p><p><span style=\"font-family: inherit;\">\u0110\u1ebfn v\u1edbi Lucky89 casino bi\u00ean gi\u1edbi l\u00e0 \u0111\u1ebfn m\u1ed9t n\u01a1i b\u1ea1n c\u00f3 th\u1ec3 tin t\u01b0\u1edfng, \u0111\u1ed9i ng\u0169 nh\u00e2n vi\u00ean ho\u00e0n to\u00e0n t\u1eadn t\u00e2m! Lan t\u1ecfa may m\u1eafn, \u0111\u00f3 l\u00e0 ph\u01b0\u01a1ng ch\u00e2m c\u1ee7a ch\u00fang t\u00f4i!<\/span><\/p><\/div><\/div><\/div><\/div><\/div><\/div><\/div><\/div>\n","protected":false},"excerpt":{"rendered":"<p>Gi\u00e1 tr\u1ecb c\u1ee7a ch\u00fang t\u00f4iT\u1ef1 c\u1ea3i thi\u1ec7nT\u00f4n tr\u1ecdng l\u1eabn nhauL\u00e0m vi\u1ec7c theo nh\u00f3m\u0110\u00e1ng tin c\u1eadyTr\u00e1ch nhi\u1ec7mCh\u1ea5t l\u01b0\u1ee3ng &amp; Hi\u1ec7u qu\u1ea3Bi\u1ebft \u01a0n &amp; Chia S\u1ebbT\u1ea1i Lucky89 casino bi\u00ean gi\u1edbi, ch\u00fang t\u00f4i nh\u1ea5n m\u1ea1nh nh\u1eefng \u0111i\u1ec1u n\u00e0y trong t\u1ea5t c\u1ea3 c\u00e1c ho\u1ea1t \u0111\u1ed9ng kinh doanh v\u00e0 ho\u1ea1t \u0111\u1ed9ng h\u00e0ng ng\u00e0y c\u1ee7a ch\u00fang t\u00f4i. T\u1ea7m nh\u00ecn &amp; Gi\u00e1 [&hellip;]<\/p>\n","protected":false},"author":7,"featured_media":0,"parent":0,"menu_order":10,"comment_status":"closed","ping_status":"closed","template":"","meta":{"ngg_post_thumbnail":0,"footnotes":"","_links_to":"","_links_to_target":""},"_links":{"self":[{"href":"https:\/\/lucky-89.com\/vn\/wp-json\/wp\/v2\/pages\/138"}],"collection":[{"href":"https:\/\/lucky-89.com\/vn\/wp-json\/wp\/v2\/pages"}],"about":[{"href":"https:\/\/lucky-89.com\/vn\/wp-json\/wp\/v2\/types\/page"}],"author":[{"embeddable":true,"href":"https:\/\/lucky-89.com\/vn\/wp-json\/wp\/v2\/users\/7"}],"replies":[{"embeddable":true,"href":"https:\/\/lucky-89.com\/vn\/wp-json\/wp\/v2\/comments?post=138"}],"version-history":[{"count":13,"href":"https:\/\/lucky-89.com\/vn\/wp-json\/wp\/v2\/pages\/138\/revisions"}],"predecessor-version":[{"id":725,"href":"https:\/\/lucky-89.com\/vn\/wp-json\/wp\/v2\/pages\/138\/revisions\/725"}],"wp:attachment":[{"href":"https:\/\/lucky-89.com\/vn\/wp-json\/wp\/v2\/media?parent=138"}],"curies":[{"name":"wp","href":"https:\/\/api.w.org\/{rel}","templated":true}]}}