{"id":135,"date":"2020-12-24T07:36:02","date_gmt":"2020-12-24T07:36:02","guid":{"rendered":"https:\/\/lucky-89.com\/vn\/hotel\/"},"modified":"2022-01-27T10:44:56","modified_gmt":"2022-01-27T10:44:56","slug":"hotel","status":"publish","type":"page","link":"https:\/\/lucky-89.com\/vn\/hotel\/","title":{"rendered":""},"content":{"rendered":"<div class=\"vce-row-container\" data-vce-boxed-width=\"true\"><div class=\"vce-row vce-row--col-gap-30 headlines vce-row-equal-height vce-row-content--top\" id=\"el-b4344c8a\" data-vce-do-apply=\"all el-b4344c8a\"><div class=\"vce-content-background-container\"><\/div><div class=\"vce-row-content\" data-vce-element-content=\"true\"><div class=\"vce-col vce-col--md-auto vce-col--xs-1 vce-col--xs-last vce-col--xs-first vce-col--sm-last vce-col--sm-first vce-col--md-last vce-col--lg-last vce-col--xl-last vce-col--md-first vce-col--lg-first vce-col--xl-first\" id=\"el-d11515b9\"><div class=\"vce-col-inner\" data-vce-do-apply=\"border margin background  el-d11515b9\"><div class=\"vce-col-content\" data-vce-element-content=\"true\" data-vce-do-apply=\"padding el-d11515b9\"><div class=\"vce-text-block\"><div class=\"vce-text-block-wrapper vce\" id=\"el-577d2f35\" data-vce-do-apply=\"all el-577d2f35\"><h1 style=\"text-align: center;\"><strong>Kh\u00e1ch S\u1ea1n<\/strong><\/h1><\/div><\/div><div class=\"vce-single-image-container vce-single-image--align-center\"><div class=\"vce vce-single-image-wrapper\" id=\"el-ffb78567\" data-vce-do-apply=\"all el-ffb78567\"><figure><div class=\"vce-single-image-inner vce-single-image--absolute\" style=\"padding-bottom: 29.0909%; width: 55px;\"><img decoding=\"async\" loading=\"lazy\" class=\"vce-single-image vcv-lozad\" data-src=\"https:\/\/lucky-89.com\/vn\/wp-content\/uploads\/sites\/3\/2022\/01\/separator-55x16.png\" width=\"55\" height=\"16\" srcset=\"https:\/\/lucky-89.com\/vn\/wp-content\/uploads\/sites\/3\/2022\/01\/separator-55x16.png 55w\" src=\"\" data-img-src=\"http:\/\/www.lucky-89.com\/wp-content\/uploads\/2020\/12\/separator.png\" alt=\"\" title=\"separator\" \/><noscript>\n        <img decoding=\"async\" loading=\"lazy\" class=\"vce-single-image\" src=\"http:\/\/www.lucky-89.com\/wp-content\/uploads\/2020\/12\/separator.png\" width=\"55\" height=\"16\" alt=\"\" title=\"separator\" \/>\n      <\/noscript><\/div><figcaption hidden=\"\"><\/figcaption><\/figure><\/div><\/div><\/div><\/div><\/div><\/div><\/div><\/div><div class=\"vce-row-container\" data-vce-boxed-width=\"true\"><div class=\"vce-row vce-row--col-gap-30 vce-row-equal-height vce-row-content--top\" id=\"el-bf3c62be\" data-vce-do-apply=\"all el-bf3c62be\"><div class=\"vce-row-content\" data-vce-element-content=\"true\"><div class=\"vce-col vce-col--md-auto vce-col--xs-1 vce-col--xs-last vce-col--xs-first vce-col--sm-last vce-col--sm-first vce-col--md-last vce-col--lg-last vce-col--xl-last vce-col--md-first vce-col--lg-first vce-col--xl-first\" id=\"el-a6f85aa3\"><div class=\"vce-col-inner\" data-vce-do-apply=\"border margin background  el-a6f85aa3\"><div class=\"vce-col-content\" data-vce-element-content=\"true\" data-vce-do-apply=\"padding el-a6f85aa3\"><div class=\"vce-shortcode hotel_div\"><div class=\"vce-shortcode-wrapper vce\" id=\"el-5c8815f4\" data-vce-do-apply=\"all el-5c8815f4\"><div class=\"hotelier\">\n\t\n\n<form name=\"hotelier_datepicker\" method=\"post\" id=\"hotelier-datepicker\" class=\"datepicker-form \" action=\"https:\/\/lucky-89.com\/vn\/hotel\/\" enctype=\"multipart\/form-data\">\n\n\t\n\t<span class=\"datepicker-input-select-wrapper\"><input class=\"datepicker-input-select\" type=\"text\" id=\"hotelier-datepicker-select\" value=\"\"><\/span>\n\t<input type=\"text\" id=\"hotelier-datepicker-checkin\" class=\"datepicker-input datepicker-input--checkin\" name=\"checkin\" value=\"2026-04-14\" style=\"display: none;\">\n\t<input type=\"text\" id=\"hotelier-datepicker-checkout\" class=\"datepicker-input datepicker-input--checkout\" name=\"checkout\" value=\"2026-04-15\" style=\"display: none;\">\n\n\t<input type=\"submit\" class=\"button button--datepicker\" name=\"hotelier_datepicker_button\" id=\"datepicker-button\" value=\"S\u1eb5n s\u00e0ng \" \/><\/form>\n\n\n\t\n\n\t<p class=\"selected-nights\">L\u01b0u tr\u00fa 1 \u0111\u00eam<\/p>\n\n\n\t<form name=\"room_list\" method=\"post\" id=\"form--listing\" class=\"form--listing listing\" enctype=\"multipart\/form-data\">\n\n\t\t\n\t\t\n\t\t\n<ul class=\"listing__list\">\n\n\t\t\t\n\t\t\t\n\t\t\t\t\n\t\t\t\t\t\n<li class=\"listing__room listing__room--standard post-249 room type-room status-publish has-post-thumbnail hentry\">\n\n\t<div class=\"room__content-wrapper\">\n\n\t\t<div class=\"room__content room__content--listing\">\n\n\t\t\t\n\n<h3 class=\"room__name room__name--listing\"><a class=\"room__link room__link--listing\" href=\"https:\/\/lucky-89.com\/vn\/rooms\/standard-double-bed\/\" rel=\"bookmark\">Gi\u01b0\u1eddng \u0111\u00f4i ti\u00eau chu\u1ea9n<\/a><\/h3>\n\n\t\t\t<div class=\"room__gallery room__gallery--listing\">\n\n\t\t\t\t\n<div class=\"room__image room__image--listing\">\n\n\t<a href=\"https:\/\/lucky-89.com\/vn\/wp-content\/uploads\/sites\/3\/2022\/01\/twin_bed.png\" data-size=\"800x492\" data-index=\"0\" class=\"room__gallery-thumbnail room__gallery-thumbnail--visible room__gallery-thumbnail--listing\" title=\"\"><img width=\"300\" height=\"200\" src=\"https:\/\/lucky-89.com\/vn\/wp-content\/uploads\/sites\/3\/2022\/01\/twin_bed-300x200.png\" class=\"attachment-room_thumbnail size-room_thumbnail wp-post-image\" alt=\"twin_bed\" decoding=\"async\" title=\"twin_bed\" srcset=\"https:\/\/lucky-89.com\/vn\/wp-content\/uploads\/sites\/3\/2022\/01\/twin_bed-300x200.png 300w, https:\/\/lucky-89.com\/vn\/wp-content\/uploads\/sites\/3\/2022\/01\/twin_bed-600x400.png 600w, https:\/\/lucky-89.com\/vn\/wp-content\/uploads\/sites\/3\/2022\/01\/twin_bed-24x15.png 24w\" sizes=\"(max-width: 300px) 100vw, 300px\" \/><\/a><\/div>\n\n\t<p><a href=\"#thumbnails-249\" class=\"room__gallery-link room__gallery-link--listing\" data-index=\"0\">Xem b\u1ed9 s\u01b0u t\u1eadp<\/a><\/p>\n\n\t<ul style=\"display:none\">\n\n\t\t<li><a href=\"https:\/\/lucky-89.com\/vn\/wp-content\/uploads\/sites\/3\/2022\/01\/casino-lucky89.jpg\" data-size=\"600x399\" data-index=\"1\" class=\"room__gallery-thumbnail room__gallery-thumbnail--listing\" title=\"\">casino-lucky89<\/a><\/li><li><a href=\"https:\/\/lucky-89.com\/vn\/wp-content\/uploads\/sites\/3\/2022\/01\/KhmerBeerGarden2-Lucky89_600x400.jpg\" data-size=\"600x400\" data-index=\"2\" class=\"room__gallery-thumbnail room__gallery-thumbnail--listing\" title=\"\">KhmerBeerGarden2-Lucky89_600x400<\/a><\/li>\n\t<\/ul>\n\n\n\t\t\t<\/div>\n\n\t\t\t\n<div class=\"room__description room__description--listing\">\n\t<p>Kh\u00e1ch s\u1ea1n cung c\u1ea5p truy c\u1eadp Internet t\u1ed1c \u0111\u1ed9 cao kh\u00f4ng d\u00e2y ho\u00e0n to\u00e0n mi\u1ec5n ph\u00ed. C\u00e1c ti\u1ec7n nghi d\u00e0nh cho doanh nh\u00e2n bao g\u1ed3m ph\u00f2ng an to\u00e0n, b\u00e0n h\u01b0\u1edbng d\u1eabn kh\u00e1ch, m\u00e1y \u0111i\u1ec1u h\u00f2a nhi\u1ec7t \u0111\u1ed9, d\u1ecdn ph\u00f2ng h\u00e0ng ng\u00e0y.<\/p>\n<\/div>\n\n<p class=\"room__more\"><a class=\"room__more-link\" href=\"#room-details-249\" data-closed=\"TH\u00caM V\u1ec0 PH\u00d2NG N\u00c0Y\" data-open=\"TH\u00caM V\u1ec0 PH\u00d2NG N\u00c0Y\">TH\u00caM V\u1ec0 PH\u00d2NG N\u00c0Y<\/a><\/p>\n\n\t\t\t<div id=\"room-details-249\" class=\"room__details room__details--listing\">\n\n\t\t\t\t\n\n<div class=\"room__meta room__meta--listing\">\n\n\t<p class=\"room__facilities room__facilities--listing\"><strong>Ti\u1ec7n nghi Ph\u00f2ng:<\/strong> An ninh 24\/24, \u0110i\u1ec7n tho\u1ea1i b\u00e0n, \u0110\u1ed3 v\u1ec7 sinh c\u00e1 nh\u00e2n mi\u1ec5n ph\u00ed, Gi\u1eb7t \u1ee7i, Khu v\u1ef1c c\u00f4ng c\u1ed9ng c\u00f3 m\u00e1y l\u1ea1nh \u0111\u1ea7y \u0111\u1ee7, Nh\u00e0 h\u00e0ng, Qu\u1ea7y l\u1ec5 t\u00e2n 24 gi\u1edd, T\u1ee7 l\u1ea1nh, TV, Wi-Fi<\/p>\n\n<\/div>\n\n\n<div class=\"room__meta room__meta--listing\">\n\n\t\t\t<p class=\"room__size room__size--listing\"><strong>K\u00edch th\u01b0\u1edbc ph\u00f2ng:<\/strong> 30 m\u00b2<\/p>\n\t\n\t\t\t<p class=\"room__bed-size room__bed-size--listing\"><strong>K\u00edch th\u01b0\u1edbc gi\u01b0\u1eddng:<\/strong> PH\u00d2NG TI\u00caU CHU\u1ea8N TWIN<\/p>\n\t\n<\/div>\n\n\t\t\t<\/div>\n\n\t\t\t\n\t\t\t\n<div class=\"room__max-guests\">\n\t<strong class=\"room__max-guests-label\">Kh\u00e1ch:<\/strong> <span class=\"max max2\">2<\/span>\n\n\t<\/div>\n\n\t\t\t\n\t\t\t\n\t\t\t\n\t\t\t\n\t\t\t\t\n\n\t\t\t\n\t\t<\/div><!-- .room__content -->\n\n\t\t<div class=\"room__actions\">\n\n\t\t\n\t<div class=\"room__price-wrapper room__price-wrapper--listing\">\n\t\t<span class=\"room__price room__price--listing\">Gi\u00e1: <span class=\"amount\">&#36;20.00<\/span><\/span>\n\t\t<span class=\"room__price-description\">Gi\u00e1 m\u1ed7i ph\u00f2ng<\/span>\n\t<\/div>\n\n\n\t\t\n\t\t\t\t\n\t\t\t\t\n<div class=\"add-to-cart-wrapper\">\n\n\t\n\t\t\n\t\t\n<div class=\"room-quantity\">\n\t<label class=\"room-quantity__label\" for=\"add-to-cart-room[eaef02120cd76ed0ab81d156150c51bb]\">Nr. rooms<\/label>\n\t<input type=\"number\" id=\"add-to-cart-room[eaef02120cd76ed0ab81d156150c51bb]\" step=\"1\" min=\"0\" max=\"33\" name=\"quantity[eaef02120cd76ed0ab81d156150c51bb]\" value=\"0\" title=\"S\u1ed1 l\u01b0\u1ee3ng\" class=\"input-text room-quantity__input\" size=\"4\" \/>\n\n\t\n\t\n\t<\/div>\n\n\t\t<input type=\"hidden\" name=\"add_to_cart_room[eaef02120cd76ed0ab81d156150c51bb]\" value=\"249\" \/>\n\t\t<input type=\"hidden\" name=\"rate_id[eaef02120cd76ed0ab81d156150c51bb]\" value=\"0\" \/>\n\n\t\t<a href=\"#reserve-button\" data-selected-text-singular=\"ph\u00f2ng \u0111\u00e3 ch\u1ecdn\" data-selected-text-plural=\"rooms selected\" class=\"button button--add-to-cart\">\u0110\u0102\u0323T PH\u00d2NG<\/a>\n\n\t\t\n\t\n<\/div>\n\n\t\t\t\t<\/div><!-- .room__actions -->\n\n\t\t\t<\/div><!-- .room__content-wrapper -->\n\n\t\t\n\t\t<\/li>\n\n\t\t\t\t\n\t\t\t\t\t\n<li class=\"listing__room listing__room--standard post-553 room type-room status-publish has-post-thumbnail hentry\">\n\n\t<div class=\"room__content-wrapper\">\n\n\t\t<div class=\"room__content room__content--listing\">\n\n\t\t\t\n\n<h3 class=\"room__name room__name--listing\"><a class=\"room__link room__link--listing\" href=\"https:\/\/lucky-89.com\/vn\/rooms\/phong-tieu-chuan-queen\/\" rel=\"bookmark\">PH\u00d2NG TI\u00caU CHU\u1ea8N QUEEN<\/a><\/h3>\n\n\t\t\t<div class=\"room__gallery room__gallery--listing\">\n\n\t\t\t\t\n<div class=\"room__image room__image--listing\">\n\n\t<a href=\"https:\/\/lucky-89.com\/vn\/wp-content\/uploads\/sites\/3\/2023\/01\/queen_bed_1.png\" data-size=\"800x450\" data-index=\"0\" class=\"room__gallery-thumbnail room__gallery-thumbnail--visible room__gallery-thumbnail--listing\" title=\"\"><img width=\"300\" height=\"200\" src=\"https:\/\/lucky-89.com\/vn\/wp-content\/uploads\/sites\/3\/2023\/01\/queen_bed_1-300x200.png\" class=\"attachment-room_thumbnail size-room_thumbnail wp-post-image\" alt=\"queen_bed_1\" decoding=\"async\" title=\"queen_bed_1\" srcset=\"https:\/\/lucky-89.com\/vn\/wp-content\/uploads\/sites\/3\/2023\/01\/queen_bed_1-300x200.png 300w, https:\/\/lucky-89.com\/vn\/wp-content\/uploads\/sites\/3\/2023\/01\/queen_bed_1-600x400.png 600w\" sizes=\"(max-width: 300px) 100vw, 300px\" \/><\/a><\/div>\n\n\t<p><a href=\"#thumbnails-553\" class=\"room__gallery-link room__gallery-link--listing\" data-index=\"0\">Xem b\u1ed9 s\u01b0u t\u1eadp<\/a><\/p>\n\n\t<ul style=\"display:none\">\n\n\t\t<li><a href=\"https:\/\/lucky-89.com\/vn\/wp-content\/uploads\/sites\/3\/2022\/12\/casino-lucky89-600x399-1.jpg\" data-size=\"600x399\" data-index=\"1\" class=\"room__gallery-thumbnail room__gallery-thumbnail--listing\" title=\"\">casino-lucky89-600&#215;399<\/a><\/li><li><a href=\"https:\/\/lucky-89.com\/vn\/wp-content\/uploads\/sites\/3\/2022\/12\/KhmerBeerGarden2-Lucky89_600x400-600x400-1.jpg\" data-size=\"600x400\" data-index=\"2\" class=\"room__gallery-thumbnail room__gallery-thumbnail--listing\" title=\"\">KhmerBeerGarden2-Lucky89_600x400-600&#215;400<\/a><\/li>\n\t<\/ul>\n\n\n\t\t\t<\/div>\n\n\t\t\t\n<div class=\"room__description room__description--listing\">\n\t<p>Kh\u00e1ch s\u1ea1n cung c\u1ea5p truy c\u1eadp Internet t\u1ed1c \u0111\u1ed9 cao kh\u00f4ng d\u00e2y ho\u00e0n to\u00e0n mi\u1ec5n ph\u00ed. C\u00e1c ti\u1ec7n nghi d\u00e0nh cho doanh nh\u00e2n bao g\u1ed3m ph\u00f2ng an to\u00e0n, b\u00e0n h\u01b0\u1edbng d\u1eabn kh\u00e1ch, m\u00e1y \u0111i\u1ec1u h\u00f2a nhi\u1ec7t \u0111\u1ed9, d\u1ecdn ph\u00f2ng h\u00e0ng ng\u00e0y.<\/p>\n<\/div>\n\n<p class=\"room__more\"><a class=\"room__more-link\" href=\"#room-details-553\" data-closed=\"TH\u00caM V\u1ec0 PH\u00d2NG N\u00c0Y\" data-open=\"TH\u00caM V\u1ec0 PH\u00d2NG N\u00c0Y\">TH\u00caM V\u1ec0 PH\u00d2NG N\u00c0Y<\/a><\/p>\n\n\t\t\t<div id=\"room-details-553\" class=\"room__details room__details--listing\">\n\n\t\t\t\t\n\n<div class=\"room__meta room__meta--listing\">\n\n\t<p class=\"room__facilities room__facilities--listing\"><strong>Ti\u1ec7n nghi Ph\u00f2ng:<\/strong> An ninh 24\/24, \u0110i\u1ec7n tho\u1ea1i b\u00e0n, \u0110\u1ed3 v\u1ec7 sinh c\u00e1 nh\u00e2n mi\u1ec5n ph\u00ed, Gi\u1eb7t \u1ee7i, Khu v\u1ef1c c\u00f4ng c\u1ed9ng c\u00f3 m\u00e1y l\u1ea1nh \u0111\u1ea7y \u0111\u1ee7, Nh\u00e0 h\u00e0ng, Qu\u1ea7y l\u1ec5 t\u00e2n 24 gi\u1edd, T\u1ee7 l\u1ea1nh, TV, Wi-Fi<\/p>\n\n<\/div>\n\n\n<div class=\"room__meta room__meta--listing\">\n\n\t\t\t<p class=\"room__size room__size--listing\"><strong>K\u00edch th\u01b0\u1edbc ph\u00f2ng:<\/strong> 30 m\u00b2<\/p>\n\t\n\t\n<\/div>\n\n\t\t\t<\/div>\n\n\t\t\t\n\t\t\t\n<div class=\"room__max-guests\">\n\t<strong class=\"room__max-guests-label\">Kh\u00e1ch:<\/strong> <span class=\"max max2\">2<\/span>\n\n\t<\/div>\n\n\t\t\t\n\t\t\t\n\t\t\t\n\t\t\t\n\t\t\t\t\n\n\t\t\t\n\t\t<\/div><!-- .room__content -->\n\n\t\t<div class=\"room__actions\">\n\n\t\t\n\t<div class=\"room__price-wrapper room__price-wrapper--listing\">\n\t\t<span class=\"room__price room__price--listing\">Gi\u00e1: <span class=\"amount\">&#36;20.00<\/span><\/span>\n\t\t<span class=\"room__price-description\">Gi\u00e1 m\u1ed7i ph\u00f2ng<\/span>\n\t<\/div>\n\n\n\t\t\n\t\t\t\t\n\t\t\t\t\n<div class=\"add-to-cart-wrapper\">\n\n\t\n\t\t\n\t\t\n<div class=\"room-quantity\">\n\t<label class=\"room-quantity__label\" for=\"add-to-cart-room[645b09fb49684714f667bc59a3c03b70]\">Nr. rooms<\/label>\n\t<input type=\"number\" id=\"add-to-cart-room[645b09fb49684714f667bc59a3c03b70]\" step=\"1\" min=\"0\" max=\"10\" name=\"quantity[645b09fb49684714f667bc59a3c03b70]\" value=\"0\" title=\"S\u1ed1 l\u01b0\u1ee3ng\" class=\"input-text room-quantity__input\" size=\"4\" \/>\n\n\t\n\t\n\t<\/div>\n\n\t\t<input type=\"hidden\" name=\"add_to_cart_room[645b09fb49684714f667bc59a3c03b70]\" value=\"553\" \/>\n\t\t<input type=\"hidden\" name=\"rate_id[645b09fb49684714f667bc59a3c03b70]\" value=\"0\" \/>\n\n\t\t<a href=\"#reserve-button\" data-selected-text-singular=\"ph\u00f2ng \u0111\u00e3 ch\u1ecdn\" data-selected-text-plural=\"rooms selected\" class=\"button button--add-to-cart\">\u0110\u0102\u0323T PH\u00d2NG<\/a>\n\n\t\t\n\t\n<\/div>\n\n\t\t\t\t<\/div><!-- .room__actions -->\n\n\t\t\t<\/div><!-- .room__content-wrapper -->\n\n\t\t\n\t\t<\/li>\n\n\t\t\t\t\n\t\t\t\n\t\t\n<\/ul>\n\n\t\t\n\t\t\n<div id=\"reserve-rooms-button\">\n\n\t<input type=\"hidden\" id=\"_wpnonce\" name=\"_wpnonce\" value=\"7d0b3ba70d\" \/><input type=\"hidden\" name=\"_wp_http_referer\" value=\"\/vn\/wp-json\/wp\/v2\/pages\/135\" \/>\n\t\n\t<input type=\"submit\" class=\"button button--reserve\" name=\"hotelier_reserve_rooms_button\" id=\"reserve-button\" value=\"\u0110\u1eb7t ph\u00f2ng\" \/>\n\t\n<\/div>\n\n\t\t\n\t<\/form>\n\n\n<\/div><\/div><\/div><\/div><\/div><\/div><\/div><\/div><\/div>\n","protected":false},"excerpt":{"rendered":"<p>Kh\u00e1ch S\u1ea1n<\/p>\n","protected":false},"author":7,"featured_media":0,"parent":0,"menu_order":50,"comment_status":"closed","ping_status":"closed","template":"","meta":{"ngg_post_thumbnail":0,"footnotes":"","_links_to":"","_links_to_target":""},"_links":{"self":[{"href":"https:\/\/lucky-89.com\/vn\/wp-json\/wp\/v2\/pages\/135"}],"collection":[{"href":"https:\/\/lucky-89.com\/vn\/wp-json\/wp\/v2\/pages"}],"about":[{"href":"https:\/\/lucky-89.com\/vn\/wp-json\/wp\/v2\/types\/page"}],"author":[{"embeddable":true,"href":"https:\/\/lucky-89.com\/vn\/wp-json\/wp\/v2\/users\/7"}],"replies":[{"embeddable":true,"href":"https:\/\/lucky-89.com\/vn\/wp-json\/wp\/v2\/comments?post=135"}],"version-history":[{"count":2,"href":"https:\/\/lucky-89.com\/vn\/wp-json\/wp\/v2\/pages\/135\/revisions"}],"predecessor-version":[{"id":369,"href":"https:\/\/lucky-89.com\/vn\/wp-json\/wp\/v2\/pages\/135\/revisions\/369"}],"wp:attachment":[{"href":"https:\/\/lucky-89.com\/vn\/wp-json\/wp\/v2\/media?parent=135"}],"curies":[{"name":"wp","href":"https:\/\/api.w.org\/{rel}","templated":true}]}}