{"id":133,"date":"2020-12-24T07:38:36","date_gmt":"2020-12-24T07:38:36","guid":{"rendered":"https:\/\/lucky-89.com\/vn\/beer-garden\/"},"modified":"2025-11-27T08:43:45","modified_gmt":"2025-11-27T01:43:45","slug":"khmerbeergarden","status":"publish","type":"page","link":"https:\/\/lucky-89.com\/vn\/khmerbeergarden\/","title":{"rendered":""},"content":{"rendered":"<div class=\"vce-row-container\" data-vce-boxed-width=\"true\"><div class=\"vce-row vce-row--col-gap-30 headlines vce-row-equal-height vce-row-content--top\" id=\"el-fe118ae8\" data-vce-do-apply=\"all el-fe118ae8\"><div class=\"vce-row-content\" data-vce-element-content=\"true\"><div class=\"vce-col vce-col--md-auto vce-col--xs-1 vce-col--xs-last vce-col--xs-first vce-col--sm-last vce-col--sm-first vce-col--md-last vce-col--lg-last vce-col--xl-last vce-col--md-first vce-col--lg-first vce-col--xl-first\" id=\"el-85cb7710\"><div class=\"vce-col-inner\" data-vce-do-apply=\"border margin background  el-85cb7710\"><div class=\"vce-col-content\" data-vce-element-content=\"true\" data-vce-do-apply=\"padding el-85cb7710\"><div class=\"vce-text-block\"><div class=\"vce-text-block-wrapper vce\" id=\"el-9d31f8b3\" data-vce-do-apply=\"all el-9d31f8b3\"><h1 style=\"text-align: center;\"><strong>Lucky Pub &amp; Bistro<\/strong><\/h1><\/div><\/div><div class=\"vce-single-image-container vce-single-image--align-center\"><div class=\"vce vce-single-image-wrapper\" id=\"el-8d3aed4a\" data-vce-do-apply=\"all el-8d3aed4a\"><figure><div class=\"vce-single-image-figure-inner\" style=\"width: 55px;\"><div class=\"vce-single-image-inner vce-single-image--absolute\" style=\"width: 100%; padding-bottom: 29.0909%;\"><img decoding=\"async\" loading=\"lazy\" class=\"vce-single-image\"  width=\"55\" height=\"16\" srcset=\"https:\/\/lucky-89.com\/vn\/wp-content\/uploads\/sites\/3\/2025\/11\/separator-55x16.png 55w\" src=\"https:\/\/lucky-89.com\/vn\/wp-content\/uploads\/sites\/3\/2025\/11\/separator-55x16.png\" data-img-src=\"http:\/\/www.lucky-89.com\/wp-content\/uploads\/2020\/12\/separator.png\" data-attachment-id=\"98\"  alt=\"\" title=\"separator\" \/><\/div><\/div><figcaption hidden=\"\"><\/figcaption><\/figure><\/div><\/div><\/div><\/div><\/div><\/div><\/div><\/div><div class=\"vce-row-container\" data-vce-boxed-width=\"true\"><div class=\"vce-row vce-row--col-gap-30 vce-row-equal-height vce-row-content--top\" id=\"el-c89a92b3\" data-vce-do-apply=\"all el-c89a92b3\"><div class=\"vce-content-background-container\"><\/div><div class=\"vce-row-content\" data-vce-element-content=\"true\"><div class=\"vce-col vce-col--md-auto vce-col--xs-1 vce-col--xs-last vce-col--xs-first vce-col--sm-last vce-col--sm-first vce-col--md-first vce-col--lg-first vce-col--xl-first\" id=\"el-be798e3b\"><div class=\"vce-col-inner\" data-vce-do-apply=\"border margin background  el-be798e3b\"><div class=\"vce-col-content\" data-vce-element-content=\"true\" data-vce-do-apply=\"padding el-be798e3b\"><div class=\"vce-single-image-container img_div_border_left_style vce-single-image--align-left\"><div class=\"vce vce-single-image-wrapper\" id=\"el-b80aa83f\" data-vce-do-apply=\"all el-b80aa83f\"><figure><div class=\"vce-single-image-figure-inner\" style=\"width: 600px;\"><div class=\"vce-single-image-inner vce-single-image--absolute\" style=\"width: 100%; padding-bottom: 66.6667%;\"><img decoding=\"async\" loading=\"lazy\" class=\"vce-single-image\"  width=\"600\" height=\"400\" srcset=\"https:\/\/lucky-89.com\/vn\/wp-content\/uploads\/sites\/3\/2025\/11\/luckypubbistro-320x213.webp 320w, https:\/\/lucky-89.com\/vn\/wp-content\/uploads\/sites\/3\/2025\/11\/luckypubbistro-480x320.webp 480w, https:\/\/lucky-89.com\/vn\/wp-content\/uploads\/sites\/3\/2025\/11\/luckypubbistro-600x400.webp 600w\" src=\"https:\/\/lucky-89.com\/vn\/wp-content\/uploads\/sites\/3\/2025\/11\/luckypubbistro-600x400.webp\" data-img-src=\"https:\/\/lucky-89.com\/vn\/wp-content\/uploads\/sites\/3\/2025\/11\/luckypubbistro.webp\" data-attachment-id=\"785\"  alt=\"\" title=\"luckypubbistro\" \/><\/div><\/div><figcaption hidden=\"\"><\/figcaption><\/figure><\/div><\/div><\/div><\/div><\/div><div class=\"vce-col vce-col--md-auto vce-col--xs-1 vce-col--xs-last vce-col--xs-first vce-col--sm-last vce-col--sm-first vce-col--md-last vce-col--lg-last vce-col--xl-last\" id=\"el-75c31e7c\"><div class=\"vce-col-inner\" data-vce-do-apply=\"border margin background  el-75c31e7c\"><div class=\"vce-content-background-container\"><\/div><div class=\"vce-col-content\" data-vce-element-content=\"true\" data-vce-do-apply=\"padding el-75c31e7c\"><div class=\"vce-text-block\"><div class=\"vce-text-block-wrapper vce\" id=\"el-0cb1454b\" data-vce-do-apply=\"all el-0cb1454b\"><h2>Tr\u1ea3i nghi\u1ec7m cu\u1ed9c s\u1ed1ng v\u1ec1 \u0111\u00eam s\u00f4i \u0111\u1ed9ng t\u1ea1i Lucky Pub &amp; Bistro<\/h2><p>Th\u01b0\u1edfng th\u1ee9c m\u1ed9t bu\u1ed5i t\u1ed1i s\u00f4i \u0111\u1ed9ng t\u1ea1i Lucky Pub &amp; Bistro v\u1edbi \u0111\u1ed3 u\u1ed1ng tuy\u1ec7t h\u1ea3o, \u00e2m nh\u1ea1c vui nh\u1ed9n v\u00e0 kh\u00f4ng kh\u00ed n\u0103ng \u0111\u1ed9ng \u2014 t\u1ea5t c\u1ea3 v\u1edbi m\u1ee9c gi\u00e1 h\u1ee3p l\u00fd v\u00e0 th\u00e2n thi\u1ec7n. \u0110\u00e2y l\u00e0 n\u01a1i ho\u00e0n h\u1ea3o \u0111\u1ec3 th\u01b0 gi\u00e3n, \u0103n m\u1eebng ho\u1eb7c nh\u1ea3y m\u00faa c\u00f9ng b\u1ea1n b\u00e8.<\/p><ul><li>\u0110a d\u1ea1ng c\u00e1c lo\u1ea1i bia &amp; \u0111\u1ed3 u\u1ed1ng<\/li><li>\u0110\u1ed3 \u0103n nh\u1eb9 &amp; m\u00f3n ngon t\u1ea1i qu\u1ea7y bar<\/li><li>Ban nh\u1ea1c s\u1ed1ng &amp; nh\u1ecbp \u0111i\u1ec7u \u00e2m nh\u1ea1c h\u00e0ng ng\u00e0y<\/li><li>\u01afu \u0111\u00e3i \u0111\u1eb7c bi\u1ec7t cho sinh nh\u1eadt<\/li><li><div class=\"row align-items-center\"><div class=\"col-lg-6\"><ul class=\"facility-features\"><li>M\u1edf c\u1eeda h\u00e0ng ng\u00e0y t\u1eeb 18:00 \u0111\u1ebfn 3:00<\/li><\/ul><\/div><\/div><div class=\"mt-5\">&nbsp;<\/div><\/li><\/ul><\/div><\/div><\/div><\/div><\/div><\/div><\/div><\/div>\n","protected":false},"excerpt":{"rendered":"<p>Lucky Pub &amp; BistroTr\u1ea3i nghi\u1ec7m cu\u1ed9c s\u1ed1ng v\u1ec1 \u0111\u00eam s\u00f4i \u0111\u1ed9ng t\u1ea1i Lucky Pub &amp; BistroTh\u01b0\u1edfng th\u1ee9c m\u1ed9t bu\u1ed5i t\u1ed1i s\u00f4i \u0111\u1ed9ng t\u1ea1i Lucky Pub &amp; Bistro v\u1edbi \u0111\u1ed3 u\u1ed1ng tuy\u1ec7t h\u1ea3o, \u00e2m nh\u1ea1c vui nh\u1ed9n v\u00e0 kh\u00f4ng kh\u00ed n\u0103ng \u0111\u1ed9ng \u2014 t\u1ea5t c\u1ea3 v\u1edbi m\u1ee9c gi\u00e1 h\u1ee3p l\u00fd v\u00e0 th\u00e2n thi\u1ec7n. \u0110\u00e2y l\u00e0 n\u01a1i [&hellip;]<\/p>\n","protected":false},"author":7,"featured_media":0,"parent":0,"menu_order":70,"comment_status":"closed","ping_status":"closed","template":"","meta":{"ngg_post_thumbnail":0,"footnotes":"","_links_to":"","_links_to_target":""},"_links":{"self":[{"href":"https:\/\/lucky-89.com\/vn\/wp-json\/wp\/v2\/pages\/133"}],"collection":[{"href":"https:\/\/lucky-89.com\/vn\/wp-json\/wp\/v2\/pages"}],"about":[{"href":"https:\/\/lucky-89.com\/vn\/wp-json\/wp\/v2\/types\/page"}],"author":[{"embeddable":true,"href":"https:\/\/lucky-89.com\/vn\/wp-json\/wp\/v2\/users\/7"}],"replies":[{"embeddable":true,"href":"https:\/\/lucky-89.com\/vn\/wp-json\/wp\/v2\/comments?post=133"}],"version-history":[{"count":4,"href":"https:\/\/lucky-89.com\/vn\/wp-json\/wp\/v2\/pages\/133\/revisions"}],"predecessor-version":[{"id":787,"href":"https:\/\/lucky-89.com\/vn\/wp-json\/wp\/v2\/pages\/133\/revisions\/787"}],"wp:attachment":[{"href":"https:\/\/lucky-89.com\/vn\/wp-json\/wp\/v2\/media?parent=133"}],"curies":[{"name":"wp","href":"https:\/\/api.w.org\/{rel}","templated":true}]}}