{"id":130,"date":"2020-12-24T07:42:06","date_gmt":"2020-12-24T07:42:06","guid":{"rendered":"https:\/\/lucky-89.com\/vn\/news\/"},"modified":"2022-01-27T10:46:55","modified_gmt":"2022-01-27T10:46:55","slug":"news","status":"publish","type":"page","link":"https:\/\/lucky-89.com\/vn\/news\/","title":{"rendered":""},"content":{"rendered":"<div class=\"vce-row-container\" data-vce-boxed-width=\"true\"><div class=\"vce-row vce-row--col-gap-30 vce-row-equal-height vce-row-content--top\" id=\"el-008a4745\" data-vce-do-apply=\"all el-008a4745\"><div class=\"vce-content-background-container\"><\/div><div class=\"vce-row-content\" data-vce-element-content=\"true\"><div class=\"vce-col vce-col--md-auto vce-col--xs-1 vce-col--xs-last vce-col--xs-first vce-col--sm-last vce-col--sm-first vce-col--md-last vce-col--lg-last vce-col--xl-last vce-col--md-first vce-col--lg-first vce-col--xl-first\" id=\"el-cef2d5f3\"><div class=\"vce-col-inner\" data-vce-do-apply=\"border margin background  el-cef2d5f3\"><div class=\"vce-col-content\" data-vce-element-content=\"true\" data-vce-do-apply=\"padding el-cef2d5f3\"><div class=\"vce-text-block\"><div class=\"vce-text-block-wrapper vce\" id=\"el-3ed1ff7e\" data-vce-do-apply=\"all el-3ed1ff7e\"><h2 style=\"text-align: center;\"><strong>News<\/strong><\/h2><\/div><\/div><div class=\"vce-single-image-container vce-single-image--align-center\"><div class=\"vce vce-single-image-wrapper\" id=\"el-261b19f3\" data-vce-do-apply=\"all el-261b19f3\"><figure><div class=\"vce-single-image-inner vce-single-image--absolute\" style=\"padding-bottom: 29.0909%; width: 55px;\"><img decoding=\"async\" loading=\"lazy\" class=\"vce-single-image vcv-lozad\" data-src=\"https:\/\/lucky-89.com\/vn\/wp-content\/uploads\/sites\/3\/2022\/01\/separator-55x16.png\" width=\"55\" height=\"16\" srcset=\"https:\/\/lucky-89.com\/vn\/wp-content\/uploads\/sites\/3\/2022\/01\/separator-55x16.png 55w\" src=\"\" data-img-src=\"http:\/\/www.lucky-89.com\/wp-content\/uploads\/2020\/12\/separator.png\" alt=\"\" title=\"separator\" \/><noscript>\n        <img decoding=\"async\" loading=\"lazy\" class=\"vce-single-image\" src=\"http:\/\/www.lucky-89.com\/wp-content\/uploads\/2020\/12\/separator.png\" width=\"55\" height=\"16\" alt=\"\" title=\"separator\" \/>\n      <\/noscript><\/div><figcaption hidden=\"\"><\/figcaption><\/figure><\/div><\/div><\/div><\/div><\/div><\/div><\/div><\/div><div class=\"vce-row-container\" data-vce-boxed-width=\"true\"><div class=\"vce-row vce-row--col-gap-30 vce-row-equal-height vce-row-content--top\" id=\"el-33a7d550\" data-vce-do-apply=\"all el-33a7d550\"><div class=\"vce-content-background-container\"><\/div><div class=\"vce-row-content\" data-vce-element-content=\"true\"><div class=\"vce-col vce-col--md-auto vce-col--xs-1 vce-col--xs-last vce-col--xs-first vce-col--sm-last vce-col--sm-first vce-col--md-last vce-col--lg-last vce-col--xl-last vce-col--md-first vce-col--lg-first vce-col--xl-first\" id=\"el-35bc9f5e\"><div class=\"vce-col-inner\" data-vce-do-apply=\"border margin background  el-35bc9f5e\"><div class=\"vce-col-content\" data-vce-element-content=\"true\" data-vce-do-apply=\"padding el-35bc9f5e\"><div class=\"vce-posts-grid-container news_plugin\"><div class=\"vce vce-posts-grid-wrapper vce-posts-grid--gap-30 vce-posts-grid--columns-4 vce-posts-grid-pagination--color-ba-255-192-0-0-78--FFF--EEE--3d3d3d\" id=\"el-4a36b460\" data-vce-do-apply=\"all el-4a36b460\"><div class=\"vce-posts-grid-list\"><article class=\"vce-posts-grid-item\"><div class=\"vce-post-description vce-post-description--has-background\" style=\"background-color:rgb(237, 237, 237)\"><a href=\"https:\/\/lucky-89.com\/vn\/2020\/07\/12\/why-your-next-step-in-building-your-career-should-be-lucky89\/\" class=\"vce-post-description-link\"><\/a><div class=\"vce-post-description--background-wrapper-box\">\n    <div class=\"vce-post-description--background-wrapper\">\n        <div class=\"vce-post-description--background\" style=\"background-image: url(https:\/\/lucky-89.com\/vn\/wp-content\/uploads\/sites\/3\/2020\/07\/800x800_Lucky89_1.jpg);\"><\/div>\n    <\/div>\n<\/div>\n<div class=\"vce-post-description--content vce-post-description-content--has-title vce-post-description-content--has-excerpt\">\n    <div class=\"vce-post-description--title\">\n    <h3>\n        <a href=\"https:\/\/lucky-89.com\/vn\/2020\/07\/12\/why-your-next-step-in-building-your-career-should-be-lucky89\/\">T\u1ea1i sao b\u01b0\u1edbc k\u1ebf ti\u1ebfp trong vi\u1ec7c x\u00e2y d\u1ef1ng s\u1ef1 nghi\u1ec7p c\u1ee7a b\u1ea1n n\u00ean l\u00e0 Lucky89<\/a>\n    <\/h3>\n<\/div>\n    <div class=\"vce-post-description--excerpt\"><p>T\u1ea1i sao b\u01b0\u1edbc k\u1ebf ti\u1ebfp trong vi\u1ec7c x\u00e2y d\u1ef1ng s\u1ef1 nghi\u1ec7p c\u1ee7a b\u1ea1n n\u00ean l\u00e0 Lucky89Trong qu\u00e1 tr\u00ecnh x\u00e2y d\u1ef1ng s\u1ef1 nghi\u1ec7p c\u1ee7a m\u00ecnh, c\u00f3 m\u1ed9t c\u01a1 h\u1ed9i d\u00e0nh cho b\u1ea1n t\u1ea1i Lucky89 casino bi\u00ean gi\u1edbi.Th\u1eddi gian tr\u00f4i qua, ch\u00fang ta s\u1ebd gi\u00e0 \u0111i d\u00f9 mu\u1ed1n hay kh\u00f4ng.Nh\u01b0ng \u0111\u00f4i khi, n\u1ebfu ch\u00fang ta kh\u00f4ng \u0111\u1ee7&hellip;<\/p>\n<\/div>\n<\/div>\n<\/div><\/article><article class=\"vce-posts-grid-item\"><div class=\"vce-post-description vce-post-description--has-background\" style=\"background-color:rgb(237, 237, 237)\"><a href=\"http:\/\/m.freshnewsasia.com\/index.php\/en\/localnews\/162397-2020-06-15-06-50-27.html\" class=\"vce-post-description-link\"><\/a><div class=\"vce-post-description--background-wrapper-box\">\n    <div class=\"vce-post-description--background-wrapper\">\n        <div class=\"vce-post-description--background\" style=\"background-image: url(https:\/\/lucky-89.com\/vn\/wp-content\/uploads\/sites\/3\/2020\/06\/800x800_Lucky89_2.jpg);\"><\/div>\n    <\/div>\n<\/div>\n<div class=\"vce-post-description--content vce-post-description-content--has-title\">\n    <div class=\"vce-post-description--title\">\n    <h3>\n        <a href=\"http:\/\/m.freshnewsasia.com\/index.php\/en\/localnews\/162397-2020-06-15-06-50-27.html\">S\u1ef1 ki\u1ec7n quy\u00ean g\u00f3p v\u1edbi s\u1ef1 h\u1ee3p t\u00e1c c\u1ee7a ch\u00f9a Koh Andeth<\/a>\n    <\/h3>\n<\/div>\n    <\/div>\n<\/div><\/article><article class=\"vce-posts-grid-item\"><div class=\"vce-post-description vce-post-description--has-background\" style=\"background-color:rgb(237, 237, 237)\"><a href=\"https:\/\/lucky-89.com\/vn\/2020\/06\/07\/have-you-ever-thought-of-having-a-birthday-celebration-here-at-lucky89\/\" class=\"vce-post-description-link\"><\/a><div class=\"vce-post-description--background-wrapper-box\">\n    <div class=\"vce-post-description--background-wrapper\">\n        <div class=\"vce-post-description--background\" style=\"background-image: url(https:\/\/lucky-89.com\/vn\/wp-content\/uploads\/sites\/3\/2020\/06\/800x800_Lucky89_3.jpg);\"><\/div>\n    <\/div>\n<\/div>\n<div class=\"vce-post-description--content vce-post-description-content--has-title vce-post-description-content--has-excerpt\">\n    <div class=\"vce-post-description--title\">\n    <h3>\n        <a href=\"https:\/\/lucky-89.com\/vn\/2020\/06\/07\/have-you-ever-thought-of-having-a-birthday-celebration-here-at-lucky89\/\">B\u1ea1n \u0111\u00e3 bao gi\u1edd ngh\u0129 s\u1ebd t\u1ed5 ch\u1ee9c sinh nh\u1eadt t\u1ea1i Lucky89 ch\u01b0a?<\/a>\n    <\/h3>\n<\/div>\n    <div class=\"vce-post-description--excerpt\"><p>B\u1ea1n \u0111\u00e3 bao gi\u1edd ngh\u0129 s\u1ebd t\u1ed5 ch\u1ee9c sinh nh\u1eadt t\u1ea1i Lucky89 ch\u01b0a?Th\u00edch m\u1ed9t l\u1ec5 k\u1ef7 ni\u1ec7m sinh nh\u1eadt kh\u00f4ng gi\u1ed1ng b\u1ea5t k\u1ef3 ng\u01b0\u1eddi n\u00e0o kh\u00e1c?C\u00f3 nh\u1eefng ng\u00e0y sinh nh\u1eadt khi\u1ebfn ch\u00fang ta mu\u1ed1n c\u00f9ng gia \u0111\u00ecnh \u0103n m\u1eebng. C\u00f3 nh\u1eefng ng\u00e0y sinh nh\u1eadt khi\u1ebfn ch\u00fang ta mu\u1ed1n d\u00e0nh \u0111\u1ec3 l\u00e0m \u0111i\u1ec1u g\u00ec \u0111\u00f3 m\u00e0&hellip;<\/p>\n<\/div>\n<\/div>\n<\/div><\/article><article class=\"vce-posts-grid-item\"><div class=\"vce-post-description vce-post-description--has-background\" style=\"background-color:rgb(237, 237, 237)\"><a href=\"https:\/\/lucky-89.com\/vn\/2020\/04\/29\/how-we-make-our-staff-have-a-better-life\/\" class=\"vce-post-description-link\"><\/a><div class=\"vce-post-description--background-wrapper-box\">\n    <div class=\"vce-post-description--background-wrapper\">\n        <div class=\"vce-post-description--background\" style=\"background-image: url(https:\/\/lucky-89.com\/vn\/wp-content\/uploads\/sites\/3\/2020\/04\/800x800_Lucky89_4.jpg);\"><\/div>\n    <\/div>\n<\/div>\n<div class=\"vce-post-description--content vce-post-description-content--has-title vce-post-description-content--has-excerpt\">\n    <div class=\"vce-post-description--title\">\n    <h3>\n        <a href=\"https:\/\/lucky-89.com\/vn\/2020\/04\/29\/how-we-make-our-staff-have-a-better-life\/\">C\u00e1ch ch\u00fang t\u00f4i t\u1ea1o d\u1ef1ng cho nh\u00e2n vi\u00ean c\u1ee7a m\u00ecnh c\u00f3 m\u1ed9t cu\u1ed9c s\u1ed1ng t\u1ed1t \u0111\u1eb9p h\u01a1n.<\/a>\n    <\/h3>\n<\/div>\n    <div class=\"vce-post-description--excerpt\"><p>C\u00e1ch ch\u00fang t\u00f4i t\u1ea1o d\u1ef1ng cho nh\u00e2n vi\u00ean c\u1ee7a m\u00ecnh c\u00f3 m\u1ed9t cu\u1ed9c s\u1ed1ng t\u1ed1t \u0111\u1eb9p h\u01a1n.H\u00e3y l\u1eafng nghe nh\u00e2n vi\u00ean c\u1ee7a ch\u00fang t\u00f4i chia s\u1ebb v\u1ec1 c\u00e1ch m\u00e0 Lucky89 \u0111\u00e3 l\u00e0m cho cu\u1ed9c s\u1ed1ng c\u1ee7a h\u1ecd tr\u1edf n\u00ean t\u1ed1t \u0111\u1eb9p h\u01a1n!T\u1ea5t c\u1ea3 ch\u00fang ta \u1edf \u0111\u00e2y, v\u00ec m\u1ed9t cu\u1ed9c s\u1ed1ng t\u1ed1t \u0111\u1eb9p h\u01a1n.Nh\u01b0ng c\u00f3&hellip;<\/p>\n<\/div>\n<\/div>\n<\/div><\/article><article class=\"vce-posts-grid-item\"><div class=\"vce-post-description vce-post-description--has-background\" style=\"background-color:rgb(237, 237, 237)\"><a href=\"https:\/\/lucky-89.com\/vn\/2020\/04\/18\/why-is-our-company-vision-very-important\/\" class=\"vce-post-description-link\"><\/a><div class=\"vce-post-description--background-wrapper-box\">\n    <div class=\"vce-post-description--background-wrapper\">\n        <div class=\"vce-post-description--background\" style=\"background-image: url(https:\/\/lucky-89.com\/vn\/wp-content\/uploads\/sites\/3\/2020\/04\/800x800_Lucky89_5.jpg);\"><\/div>\n    <\/div>\n<\/div>\n<div class=\"vce-post-description--content vce-post-description-content--has-title vce-post-description-content--has-excerpt\">\n    <div class=\"vce-post-description--title\">\n    <h3>\n        <a href=\"https:\/\/lucky-89.com\/vn\/2020\/04\/18\/why-is-our-company-vision-very-important\/\">T\u1ea1i sao t\u1ea7m nh\u00ecn c\u1ee7a c\u00f4ng ty ch\u00fang ta l\u1ea1i r\u1ea5t quan tr\u1ecdng?<\/a>\n    <\/h3>\n<\/div>\n    <div class=\"vce-post-description--excerpt\"><p>T\u1ea1i sao t\u1ea7m nh\u00ecn c\u1ee7a c\u00f4ng ty ch\u00fang ta l\u1ea1i r\u1ea5t quan tr\u1ecdng?T\u1ea1i sao t\u1ea7m nh\u00ecn c\u1ee7a c\u00f4ng ty ch\u00fang t\u00f4i l\u1ea1i r\u1ea5t quan tr\u1ecdng v\u00e0o th\u1eddi \u0111i\u1ec3m hi\u1ec7n t\u1ea1i?Lucky89 casino bi\u00ean gi\u1edbi c\u1ee7a ch\u00fang t\u00f4i \u0111\u00e3 ho\u1ea1t \u0111\u1ed9ng \u0111\u01b0\u1ee3c kho\u1ea3ng 9 n\u0103m. C\u0169ng gi\u1ed1ng v\u1edbi nh\u1eefng c\u00f4ng ty kh\u00e1c, ch\u00fang t\u00f4i ho\u1ea1t \u0111\u1ed9ng m\u1ed9t&hellip;<\/p>\n<\/div>\n<\/div>\n<\/div><\/article><article class=\"vce-posts-grid-item\"><div class=\"vce-post-description vce-post-description--has-background\" style=\"background-color:rgb(237, 237, 237)\"><a href=\"https:\/\/lucky-89.com\/vn\/2020\/04\/06\/lucky89-announces-40-salary-for-the-month-of-april-despite-closure\/\" class=\"vce-post-description-link\"><\/a><div class=\"vce-post-description--background-wrapper-box\">\n    <div class=\"vce-post-description--background-wrapper\">\n        <div class=\"vce-post-description--background\" style=\"background-image: url(https:\/\/lucky-89.com\/vn\/wp-content\/uploads\/sites\/3\/2020\/04\/800x800_Lucky89_6.jpg);\"><\/div>\n    <\/div>\n<\/div>\n<div class=\"vce-post-description--content vce-post-description-content--has-title vce-post-description-content--has-excerpt\">\n    <div class=\"vce-post-description--title\">\n    <h3>\n        <a href=\"https:\/\/lucky-89.com\/vn\/2020\/04\/06\/lucky89-announces-40-salary-for-the-month-of-april-despite-closure\/\">Lucky89 v\u1eabn ph\u00e1t 40% m\u1ee9c l\u01b0\u01a1ng cho th\u00e1ng 4 m\u1eb7c d\u00f9 \u0111\u00e3 \u0111\u00f3ng c\u1eeda<\/a>\n    <\/h3>\n<\/div>\n    <div class=\"vce-post-description--excerpt\"><p>Lucky89 v\u1eabn ph\u00e1t 40% m\u1ee9c l\u01b0\u01a1ng cho th\u00e1ng 4 m\u1eb7c d\u00f9 \u0111\u00e3 \u0111\u00f3ng c\u1eedaLucky89 Casino bi\u00ean gi\u1edbi xin ch\u00ednh th\u1ee9c th\u00f4ng b\u00e1o r\u1eb1ng ch\u00fang t\u00f4i s\u1ebd tr\u1ea3 cho t\u1ea5t c\u1ea3 nh\u00e2n vi\u00ean c\u1ee7a m\u00ecnh 40% m\u1ee9c l\u01b0\u01a1ng cho th\u00e1ng 4 trong th\u1eddi gian to\u00e0n qu\u1ed1c t\u1ea1m th\u1eddi \u0111\u00f3ng c\u1eeda t\u1ea5t c\u1ea3 c\u00e1c casino \u1edf Campuchia&hellip;<\/p>\n<\/div>\n<\/div>\n<\/div><\/article><article class=\"vce-posts-grid-item\"><div class=\"vce-post-description vce-post-description--has-background\" style=\"background-color:rgb(237, 237, 237)\"><a href=\"https:\/\/lucky-89.com\/vn\/2020\/03\/28\/is-there-a-new-menu-at-lucky89\/\" class=\"vce-post-description-link\"><\/a><div class=\"vce-post-description--background-wrapper-box\">\n    <div class=\"vce-post-description--background-wrapper\">\n        <div class=\"vce-post-description--background\" style=\"background-image: url(https:\/\/lucky-89.com\/vn\/wp-content\/uploads\/sites\/3\/2020\/03\/800x800_Lucky89_7.jpg);\"><\/div>\n    <\/div>\n<\/div>\n<div class=\"vce-post-description--content vce-post-description-content--has-title vce-post-description-content--has-excerpt\">\n    <div class=\"vce-post-description--title\">\n    <h3>\n        <a href=\"https:\/\/lucky-89.com\/vn\/2020\/03\/28\/is-there-a-new-menu-at-lucky89\/\">Lucky89 c\u00f3 menu m\u1edbi kh\u00f4ng?<\/a>\n    <\/h3>\n<\/div>\n    <div class=\"vce-post-description--excerpt\"><p>Lucky89 c\u00f3 menu m\u1edbi kh\u00f4ng?H\u00e3y c\u00f9ng t\u00ecm hi\u1ec3u th\u00f4ng tin h\u1ea5p d\u1eabn v\u1ec1 menu m\u1edbi c\u1ee7a Lucky89!N\u0103m 2018. V\u00e0o bu\u1ed5i chi\u1ec1u th\u1ee9 N\u0103m. B\u1ea1n v\u00e0 c\u00f4 g\u00e1i \u0111\u1ed3ng h\u00e0nh. B\u1ea1n \u0111\u1ee9ng d\u1eady r\u1eddi kh\u1ecfi b\u00e0n Baccarat v\u00e0 \u0111i \u0111\u1ebfn Nh\u00e0 h\u00e0ng Lucky89 Casino.Khi b\u1ea1n \u0111ang th\u01b0\u1edfng th\u1ee9c m\u00f3n B\u00f2 Lok Lak y\u00eau th\u00edch, b\u1ea1n b\u1eaft&hellip;<\/p>\n<\/div>\n<\/div>\n<\/div><\/article><article class=\"vce-posts-grid-item\"><div class=\"vce-post-description vce-post-description--has-background\" style=\"background-color:rgb(237, 237, 237)\"><a href=\"https:\/\/lucky-89.com\/vn\/2020\/03\/14\/why-you-should-visit-lucky89-if-you-are-not-a-gambler\/\" class=\"vce-post-description-link\"><\/a><div class=\"vce-post-description--background-wrapper-box\">\n    <div class=\"vce-post-description--background-wrapper\">\n        <div class=\"vce-post-description--background\" style=\"background-image: url(https:\/\/lucky-89.com\/vn\/wp-content\/uploads\/sites\/3\/2020\/03\/800x800_Lucky89_8.jpg);\"><\/div>\n    <\/div>\n<\/div>\n<div class=\"vce-post-description--content vce-post-description-content--has-title vce-post-description-content--has-excerpt\">\n    <div class=\"vce-post-description--title\">\n    <h3>\n        <a href=\"https:\/\/lucky-89.com\/vn\/2020\/03\/14\/why-you-should-visit-lucky89-if-you-are-not-a-gambler\/\">T\u1ea1i sao b\u1ea1n n\u00ean gh\u00e9 th\u0103m Lucky89 khi b\u1ea1n kh\u00f4ng ph\u1ea3i l\u00e0 ng\u01b0\u1eddi ch\u01a1i c\u1edd b\u1ea1c ?<\/a>\n    <\/h3>\n<\/div>\n    <div class=\"vce-post-description--excerpt\"><p>T\u1ea1i sao b\u1ea1n n\u00ean gh\u00e9 th\u0103m Lucky89 khi b\u1ea1n kh\u00f4ng ph\u1ea3i l\u00e0 ng\u01b0\u1eddi ch\u01a1i c\u1edd b\u1ea1c ?\u0110\u01b0\u1ee3c r\u1ed3i, b\u1ea1n s\u1ebd t\u00ecm th\u1ea5y ch\u00ednh m\u00ecnh \u1edf g\u00f3c n\u00e0y c\u1ee7a th\u1ebf gi\u1edbi, \u1edf Svay Rieng, Campuchia.B\u1ea1n s\u1ebd kh\u00f4ng ng\u1ea1c nhi\u00ean khi b\u1eaft g\u1eb7p s\u00f2ng b\u1ea1c c\u1ee7a ch\u00fang t\u00f4i t\u1ea1i \u0111\u00e2yN\u1ebfu b\u1ea1n l\u00e0 m\u1ed9t ng\u01b0\u1eddi ham m\u00ea c\u1edd&hellip;<\/p>\n<\/div>\n<\/div>\n<\/div><\/article><article class=\"vce-posts-grid-item\"><div class=\"vce-post-description vce-post-description--has-background\" style=\"background-color:rgb(237, 237, 237)\"><a href=\"https:\/\/lucky-89.com\/vn\/2020\/01\/28\/im-hungry-any-suggestions-at-lucky89\/\" class=\"vce-post-description-link\"><\/a><div class=\"vce-post-description--background-wrapper-box\">\n    <div class=\"vce-post-description--background-wrapper\">\n        <div class=\"vce-post-description--background\" style=\"background-image: url(https:\/\/lucky-89.com\/vn\/wp-content\/uploads\/sites\/3\/2020\/01\/800x800_Lucky89_9.jpg);\"><\/div>\n    <\/div>\n<\/div>\n<div class=\"vce-post-description--content vce-post-description-content--has-title vce-post-description-content--has-excerpt\">\n    <div class=\"vce-post-description--title\">\n    <h3>\n        <a href=\"https:\/\/lucky-89.com\/vn\/2020\/01\/28\/im-hungry-any-suggestions-at-lucky89\/\">T\u00f4i C\u1ea3m th\u1ea5y \u0111\u00f3i b\u1ee5ng, b\u1ea5t c\u1ee9 \u0111\u1ec1 xu\u1ea5t g\u00ec t\u1ea1i Lucky89.<\/a>\n    <\/h3>\n<\/div>\n    <div class=\"vce-post-description--excerpt\"><p>T\u00f4i C\u1ea3m th\u1ea5y \u0111\u00f3i b\u1ee5ng, b\u1ea5t c\u1ee9 \u0111\u1ec1 xu\u1ea5t g\u00ec t\u1ea1i Lucky89.\u0110\u00f3i l\u00e0 m\u1ed9t trong nh\u1eefng c\u1ea3m gi\u00e1c \u0111\u00e1ng lo ng\u1ea1i nh\u1ea5t m\u00e0 b\u1ea1n c\u00f3 th\u1ec3 c\u1ea3m th\u1ea5y h\u00e0ng ng\u00e0y.M\u1eb7t kh\u00e1c, vi\u1ec7c \u0103n u\u1ed1ng khi b\u1ea1n c\u1ea3m th\u1ea5y nh\u01b0 v\u1eady l\u00e0 \u0111i\u1ec1u v\u00f4 c\u00f9ng b\u1ed5 \u00edch.Nh\u01b0ng n\u1ebfu b\u1ea1n kh\u00f4ng th\u1ec3, \u0111i\u1ec1u \u0111\u00f3 r\u00f5 r\u00e0ng l\u00e0&hellip;<\/p>\n<\/div>\n<\/div>\n<\/div><\/article><article class=\"vce-posts-grid-item\"><div class=\"vce-post-description vce-post-description--has-background\" style=\"background-color:rgb(237, 237, 237)\"><a href=\"https:\/\/lucky-89.com\/vn\/2020\/01\/20\/what-products-can-you-get-at-the-lucky89-mini-mart\/\" class=\"vce-post-description-link\"><\/a><div class=\"vce-post-description--background-wrapper-box\">\n    <div class=\"vce-post-description--background-wrapper\">\n        <div class=\"vce-post-description--background\" style=\"background-image: url(https:\/\/lucky-89.com\/vn\/wp-content\/uploads\/sites\/3\/2020\/01\/800x800_Lucky89_10.jpg);\"><\/div>\n    <\/div>\n<\/div>\n<div class=\"vce-post-description--content vce-post-description-content--has-title vce-post-description-content--has-excerpt\">\n    <div class=\"vce-post-description--title\">\n    <h3>\n        <a href=\"https:\/\/lucky-89.com\/vn\/2020\/01\/20\/what-products-can-you-get-at-the-lucky89-mini-mart\/\">B\u1ea1n c\u00f3 th\u1ec3 mua nh\u1eefng g\u00ec t\u1ea1i Lucky89 Mini Mart<\/a>\n    <\/h3>\n<\/div>\n    <div class=\"vce-post-description--excerpt\"><p>B\u1ea1n c\u00f3 th\u1ec3 mua nh\u1eefng g\u00ec t\u1ea1i Lucky89 Mini MartH\u00e3y t\u01b0\u1edfng t\u01b0\u1ee3ng \u0111i\u1ec1u n\u00e0y:B\u1ea1n v\u1eeba ra kh\u1ecfi ph\u00f2ng t\u1eafm v\u00e0o ban \u0111\u00eam, th\u1ef1c hi\u1ec7n xong th\u00f3i quen l\u00e0m \u0111\u1eb9p tr\u01b0\u1edbc khi \u0111i ng\u1ee7, d\u1ea1 d\u00e0y v\u1eabn c\u00f2n no v\u00ec b\u1eefa t\u1ed1i ngon l\u00e0nh m\u00e0 b\u1ea1n v\u1eeba th\u01b0\u1edfng th\u1ee9c, kh\u00f4ng \u0111au \u0111\u1ea7u hay b\u1ea5t k\u1ef3 c\u01a1n&hellip;<\/p>\n<\/div>\n<\/div>\n<\/div><\/article><\/div><div class=\"vce-posts-grid-pagination\">\n    <\/div>\n<\/div><\/div><\/div><\/div><\/div><\/div><\/div><\/div>\n","protected":false},"excerpt":{"rendered":"<p>News<\/p>\n","protected":false},"author":7,"featured_media":0,"parent":0,"menu_order":100,"comment_status":"closed","ping_status":"closed","template":"","meta":{"ngg_post_thumbnail":0,"footnotes":"","_links_to":"","_links_to_target":""},"_links":{"self":[{"href":"https:\/\/lucky-89.com\/vn\/wp-json\/wp\/v2\/pages\/130"}],"collection":[{"href":"https:\/\/lucky-89.com\/vn\/wp-json\/wp\/v2\/pages"}],"about":[{"href":"https:\/\/lucky-89.com\/vn\/wp-json\/wp\/v2\/types\/page"}],"author":[{"embeddable":true,"href":"https:\/\/lucky-89.com\/vn\/wp-json\/wp\/v2\/users\/7"}],"replies":[{"embeddable":true,"href":"https:\/\/lucky-89.com\/vn\/wp-json\/wp\/v2\/comments?post=130"}],"version-history":[{"count":2,"href":"https:\/\/lucky-89.com\/vn\/wp-json\/wp\/v2\/pages\/130\/revisions"}],"predecessor-version":[{"id":379,"href":"https:\/\/lucky-89.com\/vn\/wp-json\/wp\/v2\/pages\/130\/revisions\/379"}],"wp:attachment":[{"href":"https:\/\/lucky-89.com\/vn\/wp-json\/wp\/v2\/media?parent=130"}],"curies":[{"name":"wp","href":"https:\/\/api.w.org\/{rel}","templated":true}]}}