{"id":129,"date":"2020-12-24T07:42:58","date_gmt":"2020-12-24T07:42:58","guid":{"rendered":"https:\/\/lucky-89.com\/vn\/bai-buu-jackpot\/"},"modified":"2022-01-27T10:54:21","modified_gmt":"2022-01-27T10:54:21","slug":"bai-buu-jackpot","status":"publish","type":"page","link":"https:\/\/lucky-89.com\/vn\/bai-buu-jackpot\/","title":{"rendered":""},"content":{"rendered":"<div class=\"vce-row-container\" data-vce-boxed-width=\"true\"><div class=\"vce-row vce-row--col-gap-30 headlines vce-row-equal-height vce-row-content--top\" id=\"el-51a3b488\" data-vce-do-apply=\"all el-51a3b488\"><div class=\"vce-row-content\" data-vce-element-content=\"true\"><div class=\"vce-col vce-col--md-auto vce-col--xs-1 vce-col--xs-last vce-col--xs-first vce-col--sm-last vce-col--sm-first vce-col--md-last vce-col--lg-last vce-col--xl-last vce-col--md-first vce-col--lg-first vce-col--xl-first\" id=\"el-4c583191\"><div class=\"vce-col-inner\" data-vce-do-apply=\"border margin background  el-4c583191\"><div class=\"vce-col-content\" data-vce-element-content=\"true\" data-vce-do-apply=\"padding el-4c583191\"><div class=\"vce-text-block\"><div class=\"vce-text-block-wrapper vce\" id=\"el-2c1ea9ef\" data-vce-do-apply=\"all el-2c1ea9ef\"><h1 style=\"text-align: center;\"><strong>Bai Buu Jackpot<\/strong><\/h1><\/div><\/div><div class=\"vce-single-image-container vce-single-image--align-center\"><div class=\"vce vce-single-image-wrapper\" id=\"el-f59b6302\" data-vce-do-apply=\"all el-f59b6302\"><figure><div class=\"vce-single-image-inner vce-single-image--absolute\" style=\"padding-bottom: 29.0909%; width: 55px;\"><img decoding=\"async\" loading=\"lazy\" class=\"vce-single-image vcv-lozad\" data-src=\"https:\/\/lucky-89.com\/vn\/wp-content\/uploads\/sites\/3\/2022\/01\/separator-55x16.png\" width=\"55\" height=\"16\" srcset=\"https:\/\/lucky-89.com\/vn\/wp-content\/uploads\/sites\/3\/2022\/01\/separator-55x16.png 55w\" src=\"\" data-img-src=\"http:\/\/www.lucky-89.com\/wp-content\/uploads\/2020\/12\/separator.png\" alt=\"\" title=\"separator\" \/><noscript>\n        <img decoding=\"async\" loading=\"lazy\" class=\"vce-single-image\" src=\"http:\/\/www.lucky-89.com\/wp-content\/uploads\/2020\/12\/separator.png\" width=\"55\" height=\"16\" alt=\"\" title=\"separator\" \/>\n      <\/noscript><\/div><figcaption hidden=\"\"><\/figcaption><\/figure><\/div><\/div><\/div><\/div><\/div><\/div><\/div><\/div><div class=\"vce-row-container\" data-vce-boxed-width=\"true\"><div class=\"vce-row vce-row--col-gap-30 vce-row-equal-height vce-row-content--top\" id=\"el-be8bd59e\" data-vce-do-apply=\"all el-be8bd59e\"><div class=\"vce-content-background-container\"><\/div><div class=\"vce-row-content\" data-vce-element-content=\"true\"><div class=\"vce-col vce-col--md-auto vce-col--xs-1 vce-col--xs-last vce-col--xs-first vce-col--sm-last vce-col--sm-first vce-col--md-last vce-col--lg-last vce-col--xl-last vce-col--md-first vce-col--lg-first vce-col--xl-first\" id=\"el-e7a2fffe\"><div class=\"vce-col-inner\" data-vce-do-apply=\"border margin background  el-e7a2fffe\"><div class=\"vce-col-content\" data-vce-element-content=\"true\" data-vce-do-apply=\"padding el-e7a2fffe\"><div class=\"vce-text-block\"><div class=\"vce-text-block-wrapper vce\" id=\"el-0aee1b96\" data-vce-do-apply=\"all el-0aee1b96\"><p>B\u00e0i B\u1eedu l\u00e0 m\u1ed9t tr\u00f2 ch\u01a1i casino n\u1ed5i ti\u1ebfng c\u1ee7a Vi\u1ec7t Nam, \u0111\u01b0\u1ee3c ph\u1ed5 bi\u1ebfn \u1edf Vi\u1ec7t Nam v\u00e0 Campuchia. H\u1ea7u h\u1ebft c\u00e1c s\u00f2ng b\u1ea1c \u1edf Campuchia, ch\u1eb3ng h\u1ea1n nh\u01b0 Lucky89 Border Casino, \u0111\u00e3 c\u00f3 tr\u00f2 ch\u01a1i n\u00e0y.<\/p><\/div><\/div><\/div><\/div><\/div><\/div><\/div><\/div><div class=\"vce-row-container\" data-vce-boxed-width=\"true\"><div class=\"vce-row vce-row--col-gap-30 vce-row-wrap--reverse vce-row-equal-height vce-row-content--top\" id=\"el-66725c17\" data-vce-do-apply=\"all el-66725c17\"><div class=\"vce-content-background-container\"><\/div><div class=\"vce-row-content\" data-vce-element-content=\"true\"><div class=\"vce-col vce-col--md-71-67p vce-col--xs-1 vce-col--xs-last vce-col--xs-first vce-col--sm-last vce-col--sm-first vce-col--md-first vce-col--lg-first vce-col--xl-first\" id=\"el-fffbeca3\"><div class=\"vce-col-inner\" data-vce-do-apply=\"border margin background  el-fffbeca3\"><div class=\"vce-col-content\" data-vce-element-content=\"true\" data-vce-do-apply=\"padding el-fffbeca3\"><div class=\"vce-text-block\"><div class=\"vce-text-block-wrapper vce\" id=\"el-21c24ff2\" data-vce-do-apply=\"all el-21c24ff2\"><p><strong><span style=\"font-size: 16pt;\">L\u00e0m th\u1ebf n\u00e0o \u0111\u1ec3 ch\u01a1i B\u00e0i B\u1eedu?<\/span><\/strong><\/p><ol><li>Ti\u00eau chu\u1ea9n c\u1ee7a b\u1ed9 b\u00e0i 52 l\u00e1 \u0111\u01b0\u1ee3c s\u1eed d\u1ee5ng \u0111\u1ec3 ch\u01a1i tr\u00f2 ch\u01a1i s\u00f2ng b\u1ea1c n\u00e0y<\/li><li>Ng\u01b0\u1eddi chia b\u00e0i s\u1eafp x\u1ebfp c\u00e1c qu\u00e2n b\u00e0i th\u00e0nh 7 ng\u0103n x\u1ebfp, m\u1ed7i ng\u0103n 4 qu\u00e2n<\/li><li>Nh\u00e0 c\u00e1i s\u1ebd l\u1eafc x\u00fac x\u1eafc v\u00e0 s\u1ebd t\u1ea1o c\u01a1 h\u1ed9i cho ng\u01b0\u1eddi ch\u01a1i l\u1eafc x\u00fac x\u1eafc.<\/li><li>T\u1ed5ng k\u1ebft qu\u1ea3 c\u1ee7a 3 vi\u00ean x\u00fac x\u1eafc x\u00e1c \u0111\u1ecbnh t\u1ee5 c\u00e1i v\u00e0 n\u01a1i giao d\u1ecbch b\u1eaft \u0111\u1ea7u.<\/li><li>Ng\u01b0\u1eddi chia b\u00e0i s\u1ebd ph\u00e2n ph\u1ed1i c\u00e1c t\u1ee5 b\u00e0i cho m\u1ed7i ng\u01b0\u1eddi ch\u01a1i<\/li><li>Ng\u01b0\u1eddi ch\u01a1i s\u1eafp x\u1ebfp c\u00e1c qu\u00e2n b\u00e0i th\u00e0nh Tay cao v\u00e0 Tay th\u1ea5p v\u1edbi m\u1ed7i qu\u00e2n 2 l\u00e1<\/li><li>Sau \u0111\u00f3, ng\u01b0\u1eddi chia b\u00e0i m\u1edf th\u1ebb nh\u00e0 c\u00e1i v\u00e0 s\u1eafp x\u1ebfp th\u00e0nh B\u00e0i cao v\u00e0 B\u00e0i th\u1ea5p<\/li><li>Ng\u01b0\u1eddi chia b\u00e0i m\u1edf t\u1eebng qu\u00e2n b\u00e0i c\u1ee7a ng\u01b0\u1eddi ch\u01a1i \u0111\u1ec3 x\u00e1c \u0111\u1ecbnh c\u1eeda th\u1eafng<\/li><li>N\u1ebfu B\u00e0i Cao v\u00e0 B\u00e0i Th\u1ea5p \u0111\u01b0\u1ee3c s\u1eafp x\u1ebfp kh\u00f4ng ch\u00ednh x\u00e1c, Nh\u00e0 c\u00e1i s\u1ebd t\u1ef1 \u0111\u1ed9ng th\u1eafng.<\/li><\/ol><\/div><\/div><\/div><\/div><\/div><div class=\"vce-col vce-col--md-28-33p vce-col--xs-1 vce-col--xs-last vce-col--xs-first vce-col--sm-last vce-col--sm-first vce-col--md-last vce-col--lg-last vce-col--xl-last\" id=\"el-2edc3c49\"><div class=\"vce-col-inner\" data-vce-do-apply=\"border margin background  el-2edc3c49\"><div class=\"vce-content-background-container\"><\/div><div class=\"vce-col-content\" data-vce-element-content=\"true\" data-vce-do-apply=\"padding el-2edc3c49\"><div class=\"vce-single-image-container img_div_border_right_style vce-single-image--align-center\"><div class=\"vce vce-single-image-wrapper\" id=\"el-7851d685\" data-vce-do-apply=\"all el-7851d685\"><figure><div class=\"vce-single-image-inner vce-single-image--absolute vce-single-image--border-rounded\" style=\"padding-bottom: 100%; width: 300px;\"><img decoding=\"async\" loading=\"lazy\" class=\"vce-single-image vcv-lozad\" data-src=\"https:\/\/lucky-89.com\/vn\/wp-content\/uploads\/sites\/3\/2022\/01\/BaiBuu-BestJackpot-300x300.png\" width=\"300\" height=\"300\" srcset=\"https:\/\/lucky-89.com\/vn\/wp-content\/uploads\/sites\/3\/2022\/01\/BaiBuu-BestJackpot-300x300.png 300w\" src=\"\" data-img-src=\"http:\/\/www.lucky-89.com\/wp-content\/uploads\/2021\/05\/BaiBuu-BestJackpot.png\" alt=\"\" title=\"BaiBuu-BestJackpot\" \/><noscript>\n        <img decoding=\"async\" loading=\"lazy\" class=\"vce-single-image\" src=\"http:\/\/www.lucky-89.com\/wp-content\/uploads\/2021\/05\/BaiBuu-BestJackpot.png\" width=\"300\" height=\"300\" alt=\"\" title=\"BaiBuu-BestJackpot\" \/>\n      <\/noscript><\/div><figcaption hidden=\"\"><\/figcaption><\/figure><\/div><\/div><\/div><\/div><\/div><\/div><\/div><\/div><div class=\"vce-row-container\" data-vce-boxed-width=\"true\"><div class=\"vce-row vce-row--col-gap-30 vce-row-equal-height vce-row-content--top\" id=\"el-48eee037\" data-vce-do-apply=\"all el-48eee037\"><div class=\"vce-content-background-container\"><\/div><div class=\"vce-row-content\" data-vce-element-content=\"true\"><div class=\"vce-col vce-col--md-auto vce-col--xs-1 vce-col--xs-last vce-col--xs-first vce-col--sm-last vce-col--sm-first vce-col--md-last vce-col--lg-last vce-col--xl-last vce-col--md-first vce-col--lg-first vce-col--xl-first\" id=\"el-a77e7bf9\"><div class=\"vce-col-inner\" data-vce-do-apply=\"border margin background  el-a77e7bf9\"><div class=\"vce-col-content\" data-vce-element-content=\"true\" data-vce-do-apply=\"padding el-a77e7bf9\"><div class=\"vce-text-block\"><div class=\"vce-text-block-wrapper vce\" id=\"el-e333771b\" data-vce-do-apply=\"all el-e333771b\"><p><strong><span style=\"font-size: 21.3333px;\">C\u00e1ch t\u00ednh \u0111i\u1ec3m v\u00e0 ph\u00e2n chia<\/span><\/strong><\/p><ol><li>B\u00e0i Nh\u00e0 c\u00f3 th\u1ec3 ch\u01a1i v\u1edbi 9 \u0111i\u1ec3m cho b\u00e0i cao v\u00e0 4 \u0111i\u1ec3m tr\u1edf l\u00ean cho b\u00e0i th\u1ea5p.<\/li><li>N\u1ebfu b\u00e0i th\u1ea5p d\u01b0\u1edbi 4 \u0111i\u1ec3m, ng\u01b0\u1eddi chia b\u00e0i ph\u1ea3i chia nh\u1ecf (v\u00ed d\u1ee5: Q + 8 + A + 4, ng\u01b0\u1eddi ch\u01a1i c\u00f3 th\u1ec3 s\u1eafp x\u1ebfp qu\u00e2n b\u00e0i l\u00e0 4 + Q (b\u00e0i th\u1ea5p) v\u00e0 8 + A (b\u00e0i cao). N\u1ebfu Q + 8 + A + 3, ng\u01b0\u1eddi chia b\u00e0i s\u1ebd s\u1eafp x\u1ebfp l\u00e0 A + 3 v\u00e0 Q + 8.<\/li><li>S\u1ed1 c\u1eb7p kh\u00f4ng t\u00e1ch \u0111\u01b0\u1ee3c l\u00e0: 4,4 \/ 5,5 \/ 10,10 \/ J, J \/ Q, Q \/ K, K \/ A, A.<\/li><li>N\u1ebfu t\u1ee5 nh\u00e0 c\u00e1i c\u00f3 A + 9 ho\u1eb7c 2 h\u00ecnh, ng\u01b0\u1eddi chia b\u00e0i kh\u00f4ng th\u1ec3 chia.<\/li><li>\u0110\u1ed1i v\u1edbi Q + K + 6 + 4, \u0111\u1ea1i l\u00fd s\u1ebd s\u1eafp x\u1ebfp \u0111\u00e2y l\u00e0 6 + 4 v\u00e0 Q + K<\/li><li>\u0110\u1ed1i v\u1edbi A + 9 + 8 + 2, ng\u01b0\u1eddi chia b\u00e0i s\u1ebd s\u1eafp x\u1ebfp \u0111\u00e2y l\u00e0 8 + 2 v\u00e0 A + 9<\/li><li>S\u1ed1 c\u1eb7p ph\u1ea3i t\u00e1ch l\u00e0: 2,2 \/ 3,3 \/ 6,6 \/ 7,7 \/ 8,8 \/ 9,9<\/li><li>\u0110\u1ed1i v\u1edbi C\u1eb7p 2: 3 + 7, 4 + 7, 5 + 7, 6 + 7, 5 + 6 s\u1ebd \u0111\u01b0\u1ee3c t\u00e1ch<\/li><li>\u0110\u1ed1i v\u1edbi C\u1eb7p 3: 4 + 6, 5 + 6 s\u1ebd \u0111\u01b0\u1ee3c t\u00e1ch<\/li><li>\u0110\u1ed1i v\u1edbi C\u1eb7p 6: 1 + 2 v\u00e0 \/ ho\u1eb7c 3, 2 + 10, 3 + 10 s\u1ebd \u0111\u01b0\u1ee3c t\u00e1ch<\/li><li>\u0110\u1ed1i v\u1edbi C\u1eb7p 7: 1 + 2 v\u00e0 \/ ho\u1eb7c 10, 2 + 9 s\u1ebd \u0111\u01b0\u1ee3c t\u00e1ch<\/li><li>\u0110\u1ed1i v\u1edbi C\u1eb7p 8: A + 10 v\u00e0 J + Q v\u00e0 \/ ho\u1eb7c K s\u1ebd \u0111\u01b0\u1ee3c t\u00e1ch<\/li><li>\u0110\u1ed1i v\u1edbi C\u1eb7p 9: A + 10 v\u00e0 J + Q v\u00e0 \/ ho\u1eb7c K s\u1ebd \u0111\u01b0\u1ee3c t\u00e1ch<\/li><\/ol><h3><span style=\"font-size: 16pt;\"><strong>B\u1ea3ng x\u1ebfp h\u1ea1ng c\u1ee7a c\u00e1c tay<\/strong><\/span><\/h3><ol><li>B\u1ed1n c\u1ee7a m\u1ed9t lo\u1ea1i<\/li><li>Ba c\u1ee7a m\u1ed9t lo\u1ea1i<\/li><li>C\u00e1c c\u1eb7p (AA l\u00e0 cao nh\u1ea5t)<\/li><li>Hai th\u1ebb h\u00ecnh , kh\u00f4ng c\u00f3 c\u1eb7p. (v\u00ed d\u1ee5: KQ KJ QJ, gi\u00e1 tr\u1ecb gi\u1ed1ng nhau, KQ r\u00e0ng bu\u1ed9c QJ r\u00e0ng bu\u1ed9c KJ)<\/li><li>M\u01b0\u1eddi \u0111i\u1ec3m (ch\u1ec9 A &amp; 9 \u0111\u01b0\u1ee3c t\u00ednh l\u00e0 10 \u0111i\u1ec3m (h\u1ecd g\u1ecdi l\u00e0 \u201cKong\u201d), kh\u00f4ng gi\u1ed1ng nh\u01b0 2 &amp; 8 ho\u1eb7c 3 &amp; 7, \u0111\u01b0\u1ee3c t\u00ednh l\u00e0 0)<\/li><li>\u0110i\u1ec3m t\u1eeb 0 \u0111\u1ebfn 9 (Hai th\u1ebb \u0111\u01b0\u1ee3c t\u00ednh l\u00e0 \u0111i\u1ec3m Baccarat, nh\u01b0 9 &amp; 6 \u0111\u01b0\u1ee3c t\u00ednh l\u00e0 5, ho\u1eb7c 4 &amp; 9 \u0111\u01b0\u1ee3c t\u00ednh l\u00e0 3)<\/li><\/ol><p>C\u01b0\u1ee3c t\u1ed1i thi\u1ec3u v\u00e0 t\u1ed1i \u0111a t\u1ea1i Lucky89 Border Casino:<br>C\u01b0\u1ee3c t\u1ed1i thi\u1ec3u = 20.000 VND<br>C\u01b0\u1ee3c t\u1ed1i \u0111a = 5.000.000 VND<\/p><h3><span style=\"font-size: 16pt;\"><strong>Lucky89 Bai Buu Jackpot - L\u1ea7n \u0111\u1ea7u ti\u00ean tr\u00ean th\u1ebf gi\u1edbi<\/strong><\/span><\/h3><p>Lucky89 Bai Buu Jackpot t\u0103ng th\u00eam c\u1ea3m gi\u00e1c h\u1ed3i h\u1ed9p cho ng\u01b0\u1eddi ch\u01a1i khi ch\u01a1i B\u00e0i B\u1eedu.<br>\u0110\u1ec3 tr\u00fang gi\u1ea3i \u0111\u1ed9c \u0111\u1eafc, b\u1ea1n c\u1ea7n \u0111\u1eb7t c\u01b0\u1ee3c v\u00e0o gi\u1ea3i \u0111\u1ed9c \u0111\u1eafc v\u00e0 c\u00f3 \u0111\u01b0\u1ee3c c\u00e1ch s\u1eafp x\u1ebfp th\u1ebb sau:<\/p><ol><li>T\u1ee9 Q\u00fay - Grand Jackpot (l\u0169y ti\u1ebfn) - 30.000.000 VND<\/li><li>S\u1ea3nh C\u00f9ng Ch\u1ea5t - Jackpot l\u1edbn (l\u0169y ti\u1ebfn) - 3.000.000 VND<\/li><li>X\u00e1m C\u00f4- Jackpot nh\u1ecf (kh\u00f4ng l\u0169y ti\u1ebfn) - 300.000 VND<\/li><\/ol><p>B\u1ea1n c\u00f2n ch\u1edd g\u00ec n\u1eefa? Gh\u00e9 th\u0103m ch\u00fang t\u00f4i t\u1ea1i Lucky89 Border Casino t\u1ecda l\u1ea1c t\u1ea1i c\u1eeda kh\u1ea9u Prey Vor-M\u1ed9c H\u00f3a, Svay Rieng, Campuchia.<\/p><\/div><\/div><\/div><\/div><\/div><\/div><\/div><\/div>\n","protected":false},"excerpt":{"rendered":"<p>Bai Buu Jackpot B\u00e0i B\u1eedu l\u00e0 m\u1ed9t tr\u00f2 ch\u01a1i casino n\u1ed5i ti\u1ebfng c\u1ee7a Vi\u1ec7t Nam, \u0111\u01b0\u1ee3c ph\u1ed5 bi\u1ebfn \u1edf Vi\u1ec7t Nam v\u00e0 Campuchia. H\u1ea7u h\u1ebft c\u00e1c s\u00f2ng b\u1ea1c \u1edf Campuchia, ch\u1eb3ng h\u1ea1n nh\u01b0 Lucky89 Border Casino, \u0111\u00e3 c\u00f3 tr\u00f2 ch\u01a1i n\u00e0y.L\u00e0m th\u1ebf n\u00e0o \u0111\u1ec3 ch\u01a1i B\u00e0i B\u1eedu?Ti\u00eau chu\u1ea9n c\u1ee7a b\u1ed9 b\u00e0i 52 l\u00e1 \u0111\u01b0\u1ee3c s\u1eed [&hellip;]<\/p>\n","protected":false},"author":7,"featured_media":0,"parent":0,"menu_order":110,"comment_status":"closed","ping_status":"closed","template":"","meta":{"ngg_post_thumbnail":0,"footnotes":"","_links_to":"","_links_to_target":""},"_links":{"self":[{"href":"https:\/\/lucky-89.com\/vn\/wp-json\/wp\/v2\/pages\/129"}],"collection":[{"href":"https:\/\/lucky-89.com\/vn\/wp-json\/wp\/v2\/pages"}],"about":[{"href":"https:\/\/lucky-89.com\/vn\/wp-json\/wp\/v2\/types\/page"}],"author":[{"embeddable":true,"href":"https:\/\/lucky-89.com\/vn\/wp-json\/wp\/v2\/users\/7"}],"replies":[{"embeddable":true,"href":"https:\/\/lucky-89.com\/vn\/wp-json\/wp\/v2\/comments?post=129"}],"version-history":[{"count":2,"href":"https:\/\/lucky-89.com\/vn\/wp-json\/wp\/v2\/pages\/129\/revisions"}],"predecessor-version":[{"id":384,"href":"https:\/\/lucky-89.com\/vn\/wp-json\/wp\/v2\/pages\/129\/revisions\/384"}],"wp:attachment":[{"href":"https:\/\/lucky-89.com\/vn\/wp-json\/wp\/v2\/media?parent=129"}],"curies":[{"name":"wp","href":"https:\/\/api.w.org\/{rel}","templated":true}]}}