{"id":128,"date":"2020-12-24T07:43:35","date_gmt":"2020-12-24T07:43:35","guid":{"rendered":"https:\/\/lucky-89.com\/vn\/2-commisson-on-winning-bet\/"},"modified":"2022-01-27T10:56:44","modified_gmt":"2022-01-27T10:56:44","slug":"2-commisson-on-winning-bet","status":"publish","type":"page","link":"https:\/\/lucky-89.com\/vn\/2-commisson-on-winning-bet\/","title":{"rendered":""},"content":{"rendered":"<div class=\"vce-row-container\" data-vce-boxed-width=\"true\"><div class=\"vce-row vce-row--col-gap-30 headlines vce-row-equal-height vce-row-content--top\" id=\"el-613559dd\" data-vce-do-apply=\"all el-613559dd\"><div class=\"vce-row-content\" data-vce-element-content=\"true\"><div class=\"vce-col vce-col--md-auto vce-col--xs-1 vce-col--xs-last vce-col--xs-first vce-col--sm-last vce-col--sm-first vce-col--md-last vce-col--lg-last vce-col--xl-last vce-col--md-first vce-col--lg-first vce-col--xl-first\" id=\"el-0fb6f654\"><div class=\"vce-col-inner\" data-vce-do-apply=\"border margin background  el-0fb6f654\"><div class=\"vce-col-content\" data-vce-element-content=\"true\" data-vce-do-apply=\"padding el-0fb6f654\"><div class=\"vce-text-block\"><div class=\"vce-text-block-wrapper vce\" id=\"el-c238610d\" data-vce-do-apply=\"all el-c238610d\"><h1 style=\"text-align: center;\"><strong>Hoa h\u1ed3ng 2% khi th\u1eafng c\u01b0\u1ee3c<\/strong><\/h1><\/div><\/div><div class=\"vce-single-image-container vce-single-image--align-center\"><div class=\"vce vce-single-image-wrapper\" id=\"el-ee5279aa\" data-vce-do-apply=\"all el-ee5279aa\"><figure><div class=\"vce-single-image-inner vce-single-image--absolute\" style=\"padding-bottom: 29.0909%; width: 55px;\"><img decoding=\"async\" loading=\"lazy\" class=\"vce-single-image vcv-lozad\" data-src=\"https:\/\/lucky-89.com\/vn\/wp-content\/uploads\/sites\/3\/2022\/01\/separator-55x16.png\" width=\"55\" height=\"16\" srcset=\"https:\/\/lucky-89.com\/vn\/wp-content\/uploads\/sites\/3\/2022\/01\/separator-55x16.png 55w\" src=\"\" data-img-src=\"http:\/\/www.lucky-89.com\/wp-content\/uploads\/2020\/12\/separator.png\" alt=\"\" title=\"separator\" \/><noscript>\n        <img decoding=\"async\" loading=\"lazy\" class=\"vce-single-image\" src=\"http:\/\/www.lucky-89.com\/wp-content\/uploads\/2020\/12\/separator.png\" width=\"55\" height=\"16\" alt=\"\" title=\"separator\" \/>\n      <\/noscript><\/div><figcaption hidden=\"\"><\/figcaption><\/figure><\/div><\/div><\/div><\/div><\/div><\/div><\/div><\/div><div class=\"vce-row-container\" data-vce-boxed-width=\"true\"><div class=\"vce-row vce-row--col-gap-30 vce-row-equal-height vce-row-content--top\" id=\"el-9889bec7\" data-vce-do-apply=\"all el-9889bec7\"><div class=\"vce-content-background-container\"><\/div><div class=\"vce-row-content\" data-vce-element-content=\"true\"><div class=\"vce-col vce-col--md-28-84p vce-col--xs-1 vce-col--xs-last vce-col--xs-first vce-col--sm-last vce-col--sm-first vce-col--md-first vce-col--lg-first vce-col--xl-first\" id=\"el-09217719\"><div class=\"vce-col-inner\" data-vce-do-apply=\"border margin background  el-09217719\"><div class=\"vce-content-background-container\"><\/div><div class=\"vce-col-content\" data-vce-element-content=\"true\" data-vce-do-apply=\"padding el-09217719\"><div class=\"vce-single-image-container img_div_border_left_style vce-single-image--align-center\"><div class=\"vce vce-single-image-wrapper\" id=\"el-2aac9c83\" data-vce-do-apply=\"all el-2aac9c83\"><figure><div class=\"vce-single-image-inner vce-single-image--absolute vce-single-image--border-rounded\" style=\"padding-bottom: 100%; width: 300px;\"><img decoding=\"async\" loading=\"lazy\" class=\"vce-single-image vcv-lozad\" data-src=\"https:\/\/lucky-89.com\/vn\/wp-content\/uploads\/sites\/3\/2022\/01\/2Commission-play-chip-300x300.png\" width=\"300\" height=\"300\" srcset=\"https:\/\/lucky-89.com\/vn\/wp-content\/uploads\/sites\/3\/2022\/01\/2Commission-play-chip-300x300.png 300w\" src=\"\" data-img-src=\"http:\/\/www.lucky-89.com\/wp-content\/uploads\/2021\/05\/2Commission-play-chip.png\" alt=\"\" title=\"2Commission-play-chip\" \/><noscript>\n        <img decoding=\"async\" loading=\"lazy\" class=\"vce-single-image\" src=\"http:\/\/www.lucky-89.com\/wp-content\/uploads\/2021\/05\/2Commission-play-chip.png\" width=\"300\" height=\"300\" alt=\"\" title=\"2Commission-play-chip\" \/>\n      <\/noscript><\/div><figcaption hidden=\"\"><\/figcaption><\/figure><\/div><\/div><\/div><\/div><\/div><div class=\"vce-col vce-col--md-71-15p vce-col--xs-1 vce-col--xs-last vce-col--xs-first vce-col--sm-last vce-col--sm-first vce-col--md-last vce-col--lg-last vce-col--xl-last\" id=\"el-a2431e33\"><div class=\"vce-col-inner\" data-vce-do-apply=\"border margin background  el-a2431e33\"><div class=\"vce-col-content\" data-vce-element-content=\"true\" data-vce-do-apply=\"padding el-a2431e33\"><div class=\"vce-text-block\"><div class=\"vce-text-block-wrapper vce\" id=\"el-bd6d0090\" data-vce-do-apply=\"all el-bd6d0090\"><p>Lucky89 Border Casino l\u00e0 m\u1ed9t s\u00f2ng b\u1ea1c c\u00f3 m\u1ee9c chi\u1ebft kh\u1ea5u cao \u1edf Campuchia, cung c\u1ea5p 2% Hoa h\u1ed3ng khi th\u1eafng c\u01b0\u1ee3c cho ng\u01b0\u1eddi ch\u01a1i.<\/p><p>Ng\u01b0\u1eddi ch\u01a1i c\u1ea7n ch\u01a1i v\u1edbi Chips \u0111\u1ec3 nh\u1eadn 2% Hoa h\u1ed3ng n\u00e0y. B\u1ea1n nh\u1eadn \u0111\u01b0\u1ee3c 2% hoa h\u1ed3ng cho m\u1ed7i l\u1ea7n \u0111\u1eb7t c\u01b0\u1ee3c 100.000 VND ( ho\u1eb7c b\u1ed9i s\u1ed1 c\u1ee7a 100.000 VND). B\u1ea1n s\u1ebd nh\u1eadn \u0111\u01b0\u1ee3c 1% Hoa h\u1ed3ng n\u1ebfu ch\u01a1i b\u1eb1ng Ti\u1ec1n m\u1eb7t.<\/p><p>D\u01b0\u1edbi \u0111\u00e2y l\u00e0 hoa h\u1ed3ng m\u1eabu m\u00e0 ng\u01b0\u1eddi ch\u01a1i c\u00f3 th\u1ec3 nh\u1eadn \u0111\u01b0\u1ee3c:&nbsp;<\/p><table class=\"winning_bet_2perc_table\"><tbody><tr style=\"background-color: rgba(255,192,0,.78);\"><td width=\"145\"><strong>&nbsp;<\/strong><\/td><td width=\"163\"><strong>C\u00e1 c\u01b0\u1ee3c<\/strong><\/td><td width=\"169\"><strong>Ph\u1ea7n tr\u0103m hoa h\u1ed3ng<\/strong><\/td><td width=\"146\"><strong>Ti\u1ec1n hoa h\u1ed3ng<\/strong><\/td><\/tr><tr><td width=\"145\"><strong>Chips<\/strong><\/td><td width=\"163\">100,000 VND<\/td><td style=\"text-align: center;\" width=\"169\">2%<\/td><td width=\"146\">2,000 VND<\/td><\/tr><tr><td width=\"145\"><strong>Ti\u1ec1n m\u1eb7t<\/strong><\/td><td width=\"163\">100,000 VND<\/td><td style=\"text-align: center;\" width=\"169\">1%<\/td><td width=\"146\">1,000 VND<\/td><\/tr><\/tbody><\/table><p style=\"text-align: right;\"><span style=\"font-size: 8pt;\">VND = Vi\u1ec7t Nam \u0111\u1ed3ng<\/span><\/p><\/div><\/div><\/div><\/div><\/div><\/div><\/div><\/div><div class=\"vce-row-container\" data-vce-boxed-width=\"true\"><div class=\"vce-row vce-row--col-gap-30 vce-row-equal-height vce-row-content--top\" id=\"el-6554e885\" data-vce-do-apply=\"all el-6554e885\"><div class=\"vce-row-content\" data-vce-element-content=\"true\"><div class=\"vce-col vce-col--md-auto vce-col--xs-1 vce-col--xs-last vce-col--xs-first vce-col--sm-last vce-col--sm-first vce-col--md-last vce-col--lg-last vce-col--xl-last vce-col--md-first vce-col--lg-first vce-col--xl-first\" id=\"el-4633bf74\"><div class=\"vce-col-inner\" data-vce-do-apply=\"border margin background  el-4633bf74\"><div class=\"vce-col-content\" data-vce-element-content=\"true\" data-vce-do-apply=\"padding el-4633bf74\"><\/div><\/div><\/div><\/div><\/div><\/div>\n","protected":false},"excerpt":{"rendered":"<p>Hoa h\u1ed3ng 2% khi th\u1eafng c\u01b0\u1ee3c Lucky89 Border Casino l\u00e0 m\u1ed9t s\u00f2ng b\u1ea1c c\u00f3 m\u1ee9c chi\u1ebft kh\u1ea5u cao \u1edf Campuchia, cung c\u1ea5p 2% Hoa h\u1ed3ng khi th\u1eafng c\u01b0\u1ee3c cho ng\u01b0\u1eddi ch\u01a1i.Ng\u01b0\u1eddi ch\u01a1i c\u1ea7n ch\u01a1i v\u1edbi Chips \u0111\u1ec3 nh\u1eadn 2% Hoa h\u1ed3ng n\u00e0y. B\u1ea1n nh\u1eadn \u0111\u01b0\u1ee3c 2% hoa h\u1ed3ng cho m\u1ed7i l\u1ea7n \u0111\u1eb7t c\u01b0\u1ee3c 100.000 VND [&hellip;]<\/p>\n","protected":false},"author":7,"featured_media":0,"parent":0,"menu_order":120,"comment_status":"closed","ping_status":"closed","template":"","meta":{"ngg_post_thumbnail":0,"footnotes":"","_links_to":"","_links_to_target":""},"_links":{"self":[{"href":"https:\/\/lucky-89.com\/vn\/wp-json\/wp\/v2\/pages\/128"}],"collection":[{"href":"https:\/\/lucky-89.com\/vn\/wp-json\/wp\/v2\/pages"}],"about":[{"href":"https:\/\/lucky-89.com\/vn\/wp-json\/wp\/v2\/types\/page"}],"author":[{"embeddable":true,"href":"https:\/\/lucky-89.com\/vn\/wp-json\/wp\/v2\/users\/7"}],"replies":[{"embeddable":true,"href":"https:\/\/lucky-89.com\/vn\/wp-json\/wp\/v2\/comments?post=128"}],"version-history":[{"count":2,"href":"https:\/\/lucky-89.com\/vn\/wp-json\/wp\/v2\/pages\/128\/revisions"}],"predecessor-version":[{"id":385,"href":"https:\/\/lucky-89.com\/vn\/wp-json\/wp\/v2\/pages\/128\/revisions\/385"}],"wp:attachment":[{"href":"https:\/\/lucky-89.com\/vn\/wp-json\/wp\/v2\/media?parent=128"}],"curies":[{"name":"wp","href":"https:\/\/api.w.org\/{rel}","templated":true}]}}